{"id":39807,"date":"2021-05-05T14:24:51","date_gmt":"2021-05-05T14:24:51","guid":{"rendered":"https:\/\/www.alltpaettkort.com\/produkt\/res-arcana\/"},"modified":"2022-01-13T08:37:41","modified_gmt":"2022-01-13T08:37:41","slug":"res-arcana","status":"publish","type":"product","link":"https:\/\/www.alltpaettkort.com\/en\/product\/res-arcana\/","title":{"rendered":"Res Arcana"},"content":{"rendered":"<p>In a high tower, an Alchemist prepares potions, using vials filled with otherworldly fluids. In a sacred grove, a Druid grinds herbs for a mystical ritual. In the catacombs, a Necromancer summons a bone dragon&#8230; Welcome to the world of Res Arcana&#x2122;!<\/p>\n<p>In it, Life, Death, Elan, Calm, and Gold are the essences that fuel the art of magic. Choose your mage, gather essences, craft unique artifacts, and use them to summon dragons, conquer places of power, and achieve victory!<\/p>\n<p>Designed by Tom Lehmann and richly illustrated by Julien Delval, Res Arcana offers a unique gaming experience!<\/p>\n<p><strong>F\u00f6r 2-4 spelare<\/strong><br \/>\n<strong>20-60 min speltid<\/strong><br \/>\n<strong>Rekommenderad \u00e5lder: 12 <\/strong><br \/>\n<a href=\"https:\/\/boardgamegeek.com\/boardgame\/262712\/res-arcana\"><strong>L\u00e4s mer p\u00e5 Boardgamegeek<\/strong><\/a><\/p>","protected":false},"excerpt":{"rendered":"<p>Dra p\u00e5 dig mage-k\u00e5pan, samla magikraft och skapa artefakter f\u00f6r att frammana drakar, er\u00f6vra palats och annat kul!<\/p>","protected":false},"featured_media":39808,"template":"","meta":[],"product_brand":[],"product_cat":[31,17],"product_tag":[507],"class_list":{"0":"post-39807","1":"product","2":"type-product","3":"status-publish","4":"has-post-thumbnail","6":"product_cat-familjespel","7":"product_cat-strategispel","8":"product_tag-sand-castle-games","10":"first","11":"outofstock","12":"taxable","13":"shipping-taxable","14":"purchasable","15":"product-type-simple"},"_links":{"self":[{"href":"https:\/\/www.alltpaettkort.com\/en\/wp-json\/wp\/v2\/product\/39807","targetHints":{"allow":["GET"]}}],"collection":[{"href":"https:\/\/www.alltpaettkort.com\/en\/wp-json\/wp\/v2\/product"}],"about":[{"href":"https:\/\/www.alltpaettkort.com\/en\/wp-json\/wp\/v2\/types\/product"}],"wp:featuredmedia":[{"embeddable":true,"href":"https:\/\/www.alltpaettkort.com\/en\/wp-json\/wp\/v2\/media\/39808"}],"wp:attachment":[{"href":"https:\/\/www.alltpaettkort.com\/en\/wp-json\/wp\/v2\/media?parent=39807"}],"wp:term":[{"taxonomy":"product_brand","embeddable":true,"href":"https:\/\/www.alltpaettkort.com\/en\/wp-json\/wp\/v2\/product_brand?post=39807"},{"taxonomy":"product_cat","embeddable":true,"href":"https:\/\/www.alltpaettkort.com\/en\/wp-json\/wp\/v2\/product_cat?post=39807"},{"taxonomy":"product_tag","embeddable":true,"href":"https:\/\/www.alltpaettkort.com\/en\/wp-json\/wp\/v2\/product_tag?post=39807"}],"curies":[{"name":"wp","href":"https:\/\/api.w.org\/{rel}","templated":true}]}}