{"id":39879,"date":"2019-04-11T14:15:16","date_gmt":"2019-04-11T14:15:16","guid":{"rendered":"https:\/\/www.alltpaettkort.com\/produkt\/detective-a-modern-crime-board-game-l-a-crimes\/"},"modified":"2022-01-13T08:37:43","modified_gmt":"2022-01-13T08:37:43","slug":"detective-a-modern-crime-board-game-l-a-crimes","status":"publish","type":"product","link":"https:\/\/www.alltpaettkort.com\/en\/product\/detective-a-modern-crime-board-game-l-a-crimes\/","title":{"rendered":"Detective: A Modern Crime Board Game \u2013 L.A. Crimes"},"content":{"rendered":"<p><em><strong>Detective: L.A. Crimes<\/strong><\/em>, the first campaign expansion for <em>Detective: A Modern Crime Board Game<\/em>, consists of three separate cases that come together to form a full story. Travel to sunny California, and delve deep into the drug-filled Los Angeles of the 1980s. Experience being an L.A. detective, and realize that sometimes, like detective Foley from <em>Beverly Hills Cop<\/em>, you may need to stretch the laws a bit to suit your needs. Try some controversial methods to solve your case, all the while battling with the red tape of bureaucracy. Use all-new mechanisms of stakeout and observation to learn more about your suspects. The choices are yours, but are you willing to cross the line?<\/p>\n<p><strong><a href=\"https:\/\/boardgamegeek.com\/boardgameexpansion\/264005\/detective-modern-crime-board-game-l-crimes\" target=\"_blank\" rel=\"noopener\">L\u00e4s mer p\u00e5 Boardgamegeek<\/a><\/strong><\/p>","protected":false},"excerpt":{"rendered":"<p>En ny kampanj till Detective: A Modern Crime Board Game som utspelar sig i ett soldr\u00e4nkt L.A under 80-talet med tre nya fall att s\u00e4tta t\u00e4nderna i!<\/p>","protected":false},"featured_media":39880,"template":"","meta":[],"product_brand":[],"product_cat":[43],"product_tag":[480,140],"class_list":{"0":"post-39879","1":"product","2":"type-product","3":"status-publish","4":"has-post-thumbnail","6":"product_cat-expansion","7":"product_tag-detective-a-modern-crime","8":"product_tag-portal-games","10":"first","11":"outofstock","12":"taxable","13":"shipping-taxable","14":"purchasable","15":"product-type-simple"},"_links":{"self":[{"href":"https:\/\/www.alltpaettkort.com\/en\/wp-json\/wp\/v2\/product\/39879","targetHints":{"allow":["GET"]}}],"collection":[{"href":"https:\/\/www.alltpaettkort.com\/en\/wp-json\/wp\/v2\/product"}],"about":[{"href":"https:\/\/www.alltpaettkort.com\/en\/wp-json\/wp\/v2\/types\/product"}],"wp:featuredmedia":[{"embeddable":true,"href":"https:\/\/www.alltpaettkort.com\/en\/wp-json\/wp\/v2\/media\/39880"}],"wp:attachment":[{"href":"https:\/\/www.alltpaettkort.com\/en\/wp-json\/wp\/v2\/media?parent=39879"}],"wp:term":[{"taxonomy":"product_brand","embeddable":true,"href":"https:\/\/www.alltpaettkort.com\/en\/wp-json\/wp\/v2\/product_brand?post=39879"},{"taxonomy":"product_cat","embeddable":true,"href":"https:\/\/www.alltpaettkort.com\/en\/wp-json\/wp\/v2\/product_cat?post=39879"},{"taxonomy":"product_tag","embeddable":true,"href":"https:\/\/www.alltpaettkort.com\/en\/wp-json\/wp\/v2\/product_tag?post=39879"}],"curies":[{"name":"wp","href":"https:\/\/api.w.org\/{rel}","templated":true}]}}