{"id":39968,"date":"2019-05-25T16:57:20","date_gmt":"2019-05-25T16:57:20","guid":{"rendered":"https:\/\/www.alltpaettkort.com\/produkt\/the-quacks-of-quedlinburg-the-herb-witches\/"},"modified":"2023-11-27T19:37:11","modified_gmt":"2023-11-27T19:37:11","slug":"the-quacks-of-quedlinburg-the-herb-witches","status":"publish","type":"product","link":"https:\/\/www.alltpaettkort.com\/en\/product\/the-quacks-of-quedlinburg-the-herb-witches\/","title":{"rendered":"The Quacks of Quedlinburg: The Herb Witches"},"content":{"rendered":"<p><em><strong>Die Quacksalber von Quedlinburg: Die Kr\u00e4uterhexen<\/strong><\/em> allows up to five players to compete at the same time, with this expansion also including more ingredient books, a new &#8221;fool&#8217;s herb&#8221;, and the introduction of herbal witches to add more variety.<\/p>\n<p><a href=\"https:\/\/boardgamegeek.com\/boardgameexpansion\/269259\/quacks-quedlinburg-herb-witches\"><strong>L\u00e4s mer p\u00e5 Boardgamegeek<\/strong><\/a><\/p>","protected":false},"excerpt":{"rendered":"<p>St\u00f6d f\u00f6r en femte spelare och \u00e4nnu mer godsaker till f\u00f6rtr\u00e4ffliga The Quacks of Quedlinburg!<\/p>","protected":false},"featured_media":39969,"template":"","meta":[],"product_brand":[],"product_cat":[29,17],"product_tag":[501,502],"class_list":{"0":"post-39968","1":"product","2":"type-product","3":"status-publish","4":"has-post-thumbnail","6":"product_cat-eurospel","7":"product_cat-strategispel","8":"product_tag-schmidt-spiele","9":"product_tag-the-quacks-of-quedlinburg","11":"first","12":"outofstock","13":"taxable","14":"shipping-taxable","15":"purchasable","16":"product-type-simple"},"_links":{"self":[{"href":"https:\/\/www.alltpaettkort.com\/en\/wp-json\/wp\/v2\/product\/39968","targetHints":{"allow":["GET"]}}],"collection":[{"href":"https:\/\/www.alltpaettkort.com\/en\/wp-json\/wp\/v2\/product"}],"about":[{"href":"https:\/\/www.alltpaettkort.com\/en\/wp-json\/wp\/v2\/types\/product"}],"wp:featuredmedia":[{"embeddable":true,"href":"https:\/\/www.alltpaettkort.com\/en\/wp-json\/wp\/v2\/media\/39969"}],"wp:attachment":[{"href":"https:\/\/www.alltpaettkort.com\/en\/wp-json\/wp\/v2\/media?parent=39968"}],"wp:term":[{"taxonomy":"product_brand","embeddable":true,"href":"https:\/\/www.alltpaettkort.com\/en\/wp-json\/wp\/v2\/product_brand?post=39968"},{"taxonomy":"product_cat","embeddable":true,"href":"https:\/\/www.alltpaettkort.com\/en\/wp-json\/wp\/v2\/product_cat?post=39968"},{"taxonomy":"product_tag","embeddable":true,"href":"https:\/\/www.alltpaettkort.com\/en\/wp-json\/wp\/v2\/product_tag?post=39968"}],"curies":[{"name":"wp","href":"https:\/\/api.w.org\/{rel}","templated":true}]}}