{"id":39987,"date":"2019-04-30T13:21:11","date_gmt":"2019-04-30T13:21:11","guid":{"rendered":"https:\/\/www.alltpaettkort.com\/produkt\/terraforming-mars-svensk-utgava\/"},"modified":"2022-01-13T08:37:44","modified_gmt":"2022-01-13T08:37:44","slug":"terraforming-mars-svensk-utgava","status":"publish","type":"product","link":"https:\/\/www.alltpaettkort.com\/en\/product\/terraforming-mars-svensk-utgava\/","title":{"rendered":"Terraforming Mars (svensk utg\u00e5va)"},"content":{"rendered":"<p>In the 2400s, mankind begins to terraform the planet Mars. Giant corporations, sponsored by the World Government on Earth, initiate huge projects to raise the temperature, the oxygen level, and the ocean coverage until the environment is habitable. In\u00a0<em>Terraforming Mars<\/em>, you play one of those corporations and work together in the terraforming process, but compete for getting victory points that are awarded not only for your contribution to the terraforming, but also for advancing human infrastructure throughout the solar system, and doing other commendable things.<\/p>\n<p><strong>1-5 spelare<br \/>\n90-120 speltid<br \/>\nRekommenderad \u00e5lder: 12<br \/>\n<a href=\"https:\/\/boardgamegeek.com\/boardgame\/167791\/terraforming-mars\" target=\"_blank\" rel=\"noopener\">L\u00e4s mer p\u00e5 Boardgamegeek<\/a><\/strong><\/p>","protected":false},"excerpt":{"rendered":"<p>Nu kan det lysande Terraforming \u00e4ven \u00e5tnjutas p\u00e5 modersm\u00e5let! Perfekt f\u00f6r att introducera spelet f\u00f6r oinvigda v\u00e4nner och familj!<\/p>","protected":false},"featured_media":39988,"template":"","meta":[],"product_brand":[],"product_cat":[17],"product_tag":[97,382],"class_list":{"0":"post-39987","1":"product","2":"type-product","3":"status-publish","4":"has-post-thumbnail","6":"product_cat-strategispel","7":"product_tag-lautapelit","8":"product_tag-terraforming-mars","10":"first","11":"outofstock","12":"taxable","13":"shipping-taxable","14":"purchasable","15":"product-type-simple"},"_links":{"self":[{"href":"https:\/\/www.alltpaettkort.com\/en\/wp-json\/wp\/v2\/product\/39987","targetHints":{"allow":["GET"]}}],"collection":[{"href":"https:\/\/www.alltpaettkort.com\/en\/wp-json\/wp\/v2\/product"}],"about":[{"href":"https:\/\/www.alltpaettkort.com\/en\/wp-json\/wp\/v2\/types\/product"}],"wp:featuredmedia":[{"embeddable":true,"href":"https:\/\/www.alltpaettkort.com\/en\/wp-json\/wp\/v2\/media\/39988"}],"wp:attachment":[{"href":"https:\/\/www.alltpaettkort.com\/en\/wp-json\/wp\/v2\/media?parent=39987"}],"wp:term":[{"taxonomy":"product_brand","embeddable":true,"href":"https:\/\/www.alltpaettkort.com\/en\/wp-json\/wp\/v2\/product_brand?post=39987"},{"taxonomy":"product_cat","embeddable":true,"href":"https:\/\/www.alltpaettkort.com\/en\/wp-json\/wp\/v2\/product_cat?post=39987"},{"taxonomy":"product_tag","embeddable":true,"href":"https:\/\/www.alltpaettkort.com\/en\/wp-json\/wp\/v2\/product_tag?post=39987"}],"curies":[{"name":"wp","href":"https:\/\/api.w.org\/{rel}","templated":true}]}}