{"id":39997,"date":"2019-04-28T13:55:28","date_gmt":"2019-04-28T13:55:28","guid":{"rendered":"https:\/\/www.alltpaettkort.com\/produkt\/sonic-the-hedgehog-dice-rush\/"},"modified":"2022-01-13T08:37:44","modified_gmt":"2022-01-13T08:37:44","slug":"sonic-the-hedgehog-dice-rush","status":"publish","type":"product","link":"https:\/\/www.alltpaettkort.com\/en\/product\/sonic-the-hedgehog-dice-rush\/","title":{"rendered":"Sonic the Hedgehog: Dice Rush"},"content":{"rendered":"<p>Speed is Sonic\u2019s game, and in Sonic The Hedgehog Dice Rush, 2 to 4 players are in a real-time race to build the best Sonic the Hedgehog level. Players simultaneously roll their dice and match the results with cards featuring section from a classic 2D Sonic level. Act quick though as certain sections will score you extra points, while others will cost you!<\/p>\n<p><strong>F\u00f6r 2-4 spelare<\/strong><br \/>\n<strong>15-20 min speltid<\/strong><br \/>\n<strong>Rekommenderad \u00e5lder: 8 <\/strong><br \/>\n<a href=\"https:\/\/boardgamegeek.com\/boardgame\/256875\/sonic-hedgehog-dice-rush\"><strong>L\u00e4s mer p\u00e5 Boardgamegeek<\/strong><\/a><\/p>","protected":false},"excerpt":{"rendered":"<p>\u00d6sigt litet t\u00e4rningsspel med v\u00e4rldens snabbaste igelkott!<\/p>","protected":false},"featured_media":39998,"template":"","meta":[],"product_brand":[],"product_cat":[69,31,38,30,39],"product_tag":[182],"class_list":{"0":"post-39997","1":"product","2":"type-product","3":"status-publish","4":"has-post-thumbnail","6":"product_cat-barnspel","7":"product_cat-familjespel","8":"product_cat-partyspel","9":"product_cat-sallskapsspel","10":"product_cat-tarningsspel","11":"product_tag-idw-games","13":"first","14":"outofstock","15":"taxable","16":"shipping-taxable","17":"purchasable","18":"product-type-simple"},"_links":{"self":[{"href":"https:\/\/www.alltpaettkort.com\/en\/wp-json\/wp\/v2\/product\/39997","targetHints":{"allow":["GET"]}}],"collection":[{"href":"https:\/\/www.alltpaettkort.com\/en\/wp-json\/wp\/v2\/product"}],"about":[{"href":"https:\/\/www.alltpaettkort.com\/en\/wp-json\/wp\/v2\/types\/product"}],"wp:featuredmedia":[{"embeddable":true,"href":"https:\/\/www.alltpaettkort.com\/en\/wp-json\/wp\/v2\/media\/39998"}],"wp:attachment":[{"href":"https:\/\/www.alltpaettkort.com\/en\/wp-json\/wp\/v2\/media?parent=39997"}],"wp:term":[{"taxonomy":"product_brand","embeddable":true,"href":"https:\/\/www.alltpaettkort.com\/en\/wp-json\/wp\/v2\/product_brand?post=39997"},{"taxonomy":"product_cat","embeddable":true,"href":"https:\/\/www.alltpaettkort.com\/en\/wp-json\/wp\/v2\/product_cat?post=39997"},{"taxonomy":"product_tag","embeddable":true,"href":"https:\/\/www.alltpaettkort.com\/en\/wp-json\/wp\/v2\/product_tag?post=39997"}],"curies":[{"name":"wp","href":"https:\/\/api.w.org\/{rel}","templated":true}]}}