{"id":40067,"date":"2019-05-10T15:29:01","date_gmt":"2019-05-10T15:29:01","guid":{"rendered":"https:\/\/www.alltpaettkort.com\/produkt\/noctiluca\/"},"modified":"2022-01-13T08:37:50","modified_gmt":"2022-01-13T08:37:50","slug":"noctiluca","status":"publish","type":"product","link":"https:\/\/www.alltpaettkort.com\/en\/product\/noctiluca\/","title":{"rendered":"Noctiluca"},"content":{"rendered":"<p>On the warmest nights of the year, the otherwise quiet waters are filled with shimmering lights as the dormant noctiluca awaken. Renowned for their restorative properties, the noctiluca are desired by many healers. Only the most skilled divers can navigate the waters to collect these mysterious glowing creatures and deliver them to healers across the land. Can you catch the embers of the sea?<\/p>\n<p>In <em><strong>Noctiluca<\/strong><\/em>, 104 colorful translucent dice fill the pool on the game board to represent the different glowing noctiluca. Players take turns diving into the water from the edges of the shore to collect the noctiluca dice from the board and keep them safely in jars until they can deliver them to healers. After two rounds, players compare points from their successful deliveries and the player with the most points wins.<\/p>\n<p>Thanks to a double-sided game board, <em>Noctiluca<\/em> also includes a solo mode in which one player must rescue the noctiluca from the tempest.<\/p>\n<p><strong>F\u00f6r 1-4 spelare<\/strong><br \/>\n<strong>30 min speltid<\/strong><br \/>\n<strong>Rekommenderad \u00e5lder: 8 <\/strong><br \/>\n<a href=\"https:\/\/boardgamegeek.com\/boardgame\/269752\/noctiluca\"><strong>L\u00e4s mer p\u00e5 Boardgamegeek<\/strong><\/a><\/p>","protected":false},"excerpt":{"rendered":"<p>Helmysigt t\u00e4rningsspel om att dyka ner p\u00e5 havets botten och leta upp sm\u00e5 lysande organismer i form av t\u00e4rningar!<\/p>","protected":false},"featured_media":40068,"template":"","meta":[],"product_brand":[],"product_cat":[29,31,30,39],"product_tag":[57],"class_list":{"0":"post-40067","1":"product","2":"type-product","3":"status-publish","4":"has-post-thumbnail","6":"product_cat-eurospel","7":"product_cat-familjespel","8":"product_cat-sallskapsspel","9":"product_cat-tarningsspel","10":"product_tag-z-man-games","12":"first","13":"outofstock","14":"taxable","15":"shipping-taxable","16":"purchasable","17":"product-type-simple"},"_links":{"self":[{"href":"https:\/\/www.alltpaettkort.com\/en\/wp-json\/wp\/v2\/product\/40067","targetHints":{"allow":["GET"]}}],"collection":[{"href":"https:\/\/www.alltpaettkort.com\/en\/wp-json\/wp\/v2\/product"}],"about":[{"href":"https:\/\/www.alltpaettkort.com\/en\/wp-json\/wp\/v2\/types\/product"}],"wp:featuredmedia":[{"embeddable":true,"href":"https:\/\/www.alltpaettkort.com\/en\/wp-json\/wp\/v2\/media\/40068"}],"wp:attachment":[{"href":"https:\/\/www.alltpaettkort.com\/en\/wp-json\/wp\/v2\/media?parent=40067"}],"wp:term":[{"taxonomy":"product_brand","embeddable":true,"href":"https:\/\/www.alltpaettkort.com\/en\/wp-json\/wp\/v2\/product_brand?post=40067"},{"taxonomy":"product_cat","embeddable":true,"href":"https:\/\/www.alltpaettkort.com\/en\/wp-json\/wp\/v2\/product_cat?post=40067"},{"taxonomy":"product_tag","embeddable":true,"href":"https:\/\/www.alltpaettkort.com\/en\/wp-json\/wp\/v2\/product_tag?post=40067"}],"curies":[{"name":"wp","href":"https:\/\/api.w.org\/{rel}","templated":true}]}}