{"id":40466,"date":"2019-06-20T16:33:59","date_gmt":"2019-06-20T16:33:59","guid":{"rendered":"https:\/\/www.alltpaettkort.com\/produkt\/high-society\/"},"modified":"2022-01-13T08:38:02","modified_gmt":"2022-01-13T08:38:02","slug":"high-society","status":"publish","type":"product","link":"https:\/\/www.alltpaettkort.com\/en\/product\/high-society\/","title":{"rendered":"High Society"},"content":{"rendered":"<p>In Reiner Knizia&#8217;s High Society, players bid against each other to acquire the various trappings of wealth (positive-number and multiplier cards) while avoiding its pitfalls (negative number and divisor cards). While bidding, though, keep an eye on your remaining cash &#8211; at the end of the game, even though all those positive-number cards might add up to a win, the player with the least money isn&#8217;t even considered for victory.<\/p>\n<p><strong>F\u00f6r 3-5 spelare<\/strong><br \/>\n<strong>15-30 min speltid<\/strong><br \/>\n<strong>Rekommenderad \u00e5lder: 10 <\/strong><br \/>\n<a href=\"https:\/\/boardgamegeek.com\/boardgame\/220\/high-society\"><strong>L\u00e4s mer p\u00e5 Boardgamegeek<\/strong><\/a><\/p>","protected":false},"excerpt":{"rendered":"<p>Otroligt l\u00e4cker ny utg\u00e5va av High Society d\u00e4r spelarna f\u00f6rkovrar sig i lyx och det goda livet och f\u00f6rs\u00f6ker undvika dess trista fallgropar!<\/p>","protected":false},"featured_media":40467,"template":"","meta":[],"product_brand":[],"product_cat":[38,30],"product_tag":[458],"class_list":{"0":"post-40466","1":"product","2":"type-product","3":"status-publish","4":"has-post-thumbnail","6":"product_cat-partyspel","7":"product_cat-sallskapsspel","8":"product_tag-osprey-games","10":"first","11":"outofstock","12":"taxable","13":"shipping-taxable","14":"purchasable","15":"product-type-simple"},"_links":{"self":[{"href":"https:\/\/www.alltpaettkort.com\/en\/wp-json\/wp\/v2\/product\/40466","targetHints":{"allow":["GET"]}}],"collection":[{"href":"https:\/\/www.alltpaettkort.com\/en\/wp-json\/wp\/v2\/product"}],"about":[{"href":"https:\/\/www.alltpaettkort.com\/en\/wp-json\/wp\/v2\/types\/product"}],"wp:featuredmedia":[{"embeddable":true,"href":"https:\/\/www.alltpaettkort.com\/en\/wp-json\/wp\/v2\/media\/40467"}],"wp:attachment":[{"href":"https:\/\/www.alltpaettkort.com\/en\/wp-json\/wp\/v2\/media?parent=40466"}],"wp:term":[{"taxonomy":"product_brand","embeddable":true,"href":"https:\/\/www.alltpaettkort.com\/en\/wp-json\/wp\/v2\/product_brand?post=40466"},{"taxonomy":"product_cat","embeddable":true,"href":"https:\/\/www.alltpaettkort.com\/en\/wp-json\/wp\/v2\/product_cat?post=40466"},{"taxonomy":"product_tag","embeddable":true,"href":"https:\/\/www.alltpaettkort.com\/en\/wp-json\/wp\/v2\/product_tag?post=40466"}],"curies":[{"name":"wp","href":"https:\/\/api.w.org\/{rel}","templated":true}]}}