{"id":40768,"date":"2019-08-17T15:14:57","date_gmt":"2019-08-17T15:14:57","guid":{"rendered":"https:\/\/www.alltpaettkort.com\/produkt\/anachrony-exosuit-commander-pack\/"},"modified":"2022-01-13T08:38:10","modified_gmt":"2022-01-13T08:38:10","slug":"anachrony-exosuit-commander-pack","status":"publish","type":"product","link":"https:\/\/www.alltpaettkort.com\/en\/product\/anachrony-exosuit-commander-pack\/","title":{"rendered":"Anachrony: Exosuit Commander Pack"},"content":{"rendered":"<p>The <em><strong>Exosuit Commander Pack<\/strong><\/em> adds 30 super-sized (55 mm tall) Exosuit miniatures to the Anachrony base box, plus the Pioneers of New Earth expansion, and the Guardians of the Council module.<\/p>\n<p>Upgrade your Exosuit tokens to 24 detailed, super-sized miniatures, with a designated cockpit slit for your workers.<\/p>\n<p>The Guardians of the Council adds 6 new Exosuit minis and a whole new module to<em> Anachrony<\/em>. You may also use the Guardians as the Chronobot&#8217;s own Exosuit army &#8211; or an alternative to yours!<\/p>\n<p>With the Pioneers of New Earth Module, you can upgrade your Exosuits to explore the vast and dangerous Outback. Enhance your Exosuit model with resources or even Breakthroughs, and use the new Adventure action space to uncover secrets of the past, confront hostile lifeforms, and more.<\/p>\n<p>You&#8217;ll even be able to use your Exosuit&#8217;s power against your opponents in the race for the best Action spots.<\/p>\n<p><a href=\"https:\/\/boardgamegeek.com\/boardgameexpansion\/218791\/anachrony-exosuit-commander-pack\"><strong>L\u00e4s mer p\u00e5 Boardgamegeek<\/strong><\/a><\/p>","protected":false},"excerpt":{"rendered":"<p>Otroligt h\u00e4ftig expansion till maffiga Anachrony som inneh\u00e5ller\u00a0Pioneers of New Earth-expansionen, den nya Guardians of the Council-modulen och f\u00f6rtjusande exosuits-miniatyrer som f\u00f6rh\u00f6jer spelupplevelsen n\u00e5got oerh\u00f6rt!<\/p>","protected":false},"featured_media":40769,"template":"","meta":[],"product_brand":[],"product_cat":[43],"product_tag":[440,441],"class_list":{"0":"post-40768","1":"product","2":"type-product","3":"status-publish","4":"has-post-thumbnail","6":"product_cat-expansion","7":"product_tag-anachrony","8":"product_tag-mindclash-games","10":"first","11":"outofstock","12":"taxable","13":"shipping-taxable","14":"purchasable","15":"product-type-simple"},"_links":{"self":[{"href":"https:\/\/www.alltpaettkort.com\/en\/wp-json\/wp\/v2\/product\/40768","targetHints":{"allow":["GET"]}}],"collection":[{"href":"https:\/\/www.alltpaettkort.com\/en\/wp-json\/wp\/v2\/product"}],"about":[{"href":"https:\/\/www.alltpaettkort.com\/en\/wp-json\/wp\/v2\/types\/product"}],"wp:featuredmedia":[{"embeddable":true,"href":"https:\/\/www.alltpaettkort.com\/en\/wp-json\/wp\/v2\/media\/40769"}],"wp:attachment":[{"href":"https:\/\/www.alltpaettkort.com\/en\/wp-json\/wp\/v2\/media?parent=40768"}],"wp:term":[{"taxonomy":"product_brand","embeddable":true,"href":"https:\/\/www.alltpaettkort.com\/en\/wp-json\/wp\/v2\/product_brand?post=40768"},{"taxonomy":"product_cat","embeddable":true,"href":"https:\/\/www.alltpaettkort.com\/en\/wp-json\/wp\/v2\/product_cat?post=40768"},{"taxonomy":"product_tag","embeddable":true,"href":"https:\/\/www.alltpaettkort.com\/en\/wp-json\/wp\/v2\/product_tag?post=40768"}],"curies":[{"name":"wp","href":"https:\/\/api.w.org\/{rel}","templated":true}]}}