{"id":40781,"date":"2020-03-18T15:56:33","date_gmt":"2020-03-18T15:56:33","guid":{"rendered":"https:\/\/www.alltpaettkort.com\/produkt\/black-angel\/"},"modified":"2022-12-15T11:57:40","modified_gmt":"2022-12-15T11:57:40","slug":"black-angel","status":"publish","type":"product","link":"https:\/\/www.alltpaettkort.com\/en\/product\/black-angel\/","title":{"rendered":"Black Angel"},"content":{"rendered":"<p>Humanity, through its irresponsible behavior, has exhausted the natural resources of Earth, making it almost uninhabitable. In a burst of lucidity, pressed by the irreversible degradation of your planet, the great nations are forced to put aside their differences and share their knowledge in order to create the most vast spacecraft ever constructed. Thus, the BLACK ANGEL project is launched.<\/p>\n<p>The Black Angel, the first intergalactic frigate in history, must transport the genetic heritage of humanity beyond known worlds, over a journey that is likely to last several thousand years. Her crew will be composed of only robots. Because no nation is willing to trust creation of the AI (artificial intelligence) that will control this crew to any other nation, a compromise is found: The Black Angel will be co-managed by several AIs, and the utility of each decision will be evaluated in VP (Validation Process).<\/p>\n<p>At the completion of this long and perilous voyage, when a new inhabitable planet has been reached, the AI that has earned the most VP will be entrusted with reawakening Humanity, and overseeing its new start\u2026.<\/p>\n<p>All the reports are in agreement: The Black Angel is approaching Spes, a planet with the highest probability for habitability by the human species. Take advantage of our approach to maintain the good relations you have gradually woven with the benevolent Alien species populating the galaxy, and watch out for the dreaded Ravagers, who would do anything to prevent you from reaching Spes.<\/p>\n<p><strong>F\u00f6r 1-4 spelare<\/strong><br \/>\n<strong>60-120 min speltid<\/strong><br \/>\n<strong>Rekommenderad \u00e5lder: 12 <\/strong><br \/>\n<a href=\"https:\/\/boardgamegeek.com\/boardgame\/230244\/black-angel\"><strong>L\u00e4s mer p\u00e5 Boardgamegeek<\/strong><\/a><\/p>","protected":false},"excerpt":{"rendered":"<p>Superl\u00e4ckert nytt strategispel fr\u00e5n Pearl Games! Det har g\u00e5tt fullkomligt k\u00e4ppr\u00e4tt \u00e5t skogen f\u00f6r jorden och nu skeppas det genetiska arvet iv\u00e4g p\u00e5 det enorma Black Angel-skeppet som enbart \u00e4r bemannat av robotar i jakt efter en beboelig planet!<\/p>","protected":false},"featured_media":40782,"template":"","meta":[],"product_brand":[],"product_cat":[17],"product_tag":[171],"class_list":{"0":"post-40781","1":"product","2":"type-product","3":"status-publish","4":"has-post-thumbnail","6":"product_cat-strategispel","7":"product_tag-pearl-games","9":"first","10":"instock","11":"taxable","12":"shipping-taxable","13":"purchasable","14":"product-type-simple"},"_links":{"self":[{"href":"https:\/\/www.alltpaettkort.com\/en\/wp-json\/wp\/v2\/product\/40781","targetHints":{"allow":["GET"]}}],"collection":[{"href":"https:\/\/www.alltpaettkort.com\/en\/wp-json\/wp\/v2\/product"}],"about":[{"href":"https:\/\/www.alltpaettkort.com\/en\/wp-json\/wp\/v2\/types\/product"}],"wp:featuredmedia":[{"embeddable":true,"href":"https:\/\/www.alltpaettkort.com\/en\/wp-json\/wp\/v2\/media\/40782"}],"wp:attachment":[{"href":"https:\/\/www.alltpaettkort.com\/en\/wp-json\/wp\/v2\/media?parent=40781"}],"wp:term":[{"taxonomy":"product_brand","embeddable":true,"href":"https:\/\/www.alltpaettkort.com\/en\/wp-json\/wp\/v2\/product_brand?post=40781"},{"taxonomy":"product_cat","embeddable":true,"href":"https:\/\/www.alltpaettkort.com\/en\/wp-json\/wp\/v2\/product_cat?post=40781"},{"taxonomy":"product_tag","embeddable":true,"href":"https:\/\/www.alltpaettkort.com\/en\/wp-json\/wp\/v2\/product_tag?post=40781"}],"curies":[{"name":"wp","href":"https:\/\/api.w.org\/{rel}","templated":true}]}}