{"id":40806,"date":"2019-08-18T21:35:13","date_gmt":"2019-08-18T21:35:13","guid":{"rendered":"https:\/\/www.alltpaettkort.com\/produkt\/cerebria-the-inside-world\/"},"modified":"2022-01-13T08:38:14","modified_gmt":"2022-01-13T08:38:14","slug":"cerebria-the-inside-world","status":"publish","type":"product","link":"https:\/\/www.alltpaettkort.com\/en\/product\/cerebria-the-inside-world\/","title":{"rendered":"Cerebria: The Inside World"},"content":{"rendered":"<p>Cerebria is a dynamic, team-based, objective-driven area control game, where players play as Spirits, powerful entities representing Bliss or Gloom. These opposing forces &#8211; the two sides of human nature &#8211; struggle to control and shape the Inside World, the metaphorical representation of an evolving personality.<\/p>\n<p>Cerebria introduces a unique theme and numerous innovative mechanisms. The game is centered around the player-controlled Spirits, and the Emotion cards controlling Cerebria\u2019s areas, each with their own stats and abilities.<\/p>\n<p>The Spirits can perform up to three actions on their turn. These include moving between Cerebria\u2019s Realms and Frontiers, using the specific powers of the Realms, invoking and upgrading Emotion cards, removing opposing Emotions, and building Fortresses to consolidate their influence on certain areas. The Actions cost Willpower, gained primarily by absorbing from the Origin\u2019s Spheres in the middle of the board. Both Bliss and Gloom also have a rare shared team resource, Ambition, enabling them to use the game\u2019s most powerful effects.<br \/>\nThe teams can score points either by accomplishing publicly known minor objectives (the Intentions), or completing their major objectives (the Aspirations), which change dynamically during the course of the game. Scoring Aspirations allows players to add Bliss and Gloom Fragments to the Identity, built in the middle of the board. These are key moments in the game: Cerebria\u2019s state is in constant flux, but the Fragments are permanent imprints of a game state during the scoring events.<\/p>\n<p>The game is won by the side with more influence over the finished Identity, thus becoming the dominant force in Cerebria.<\/p>\n<p><strong>F\u00f6r 1-4 spelare<\/strong><br \/>\n<strong>60-120 min speltid<\/strong><br \/>\n<strong>Rekommenderad \u00e5lder: 14 <\/strong><br \/>\n<a href=\"https:\/\/boardgamegeek.com\/boardgame\/218479\/cerebria-inside-world\"><strong>L\u00e4s mer p\u00e5 Boardgamegeek<\/strong><\/a><\/p>","protected":false},"excerpt":{"rendered":"<p>Galet tjusigt och unikt area control-spel fr\u00e5n Mindclash Games d\u00e4r spelarna kontrollerar olika k\u00e4nslor!<\/p>","protected":false},"featured_media":40807,"template":"","meta":[],"product_brand":[],"product_cat":[17],"product_tag":[441],"class_list":{"0":"post-40806","1":"product","2":"type-product","3":"status-publish","4":"has-post-thumbnail","6":"product_cat-strategispel","7":"product_tag-mindclash-games","9":"first","10":"outofstock","11":"taxable","12":"shipping-taxable","13":"purchasable","14":"product-type-simple"},"_links":{"self":[{"href":"https:\/\/www.alltpaettkort.com\/en\/wp-json\/wp\/v2\/product\/40806","targetHints":{"allow":["GET"]}}],"collection":[{"href":"https:\/\/www.alltpaettkort.com\/en\/wp-json\/wp\/v2\/product"}],"about":[{"href":"https:\/\/www.alltpaettkort.com\/en\/wp-json\/wp\/v2\/types\/product"}],"wp:featuredmedia":[{"embeddable":true,"href":"https:\/\/www.alltpaettkort.com\/en\/wp-json\/wp\/v2\/media\/40807"}],"wp:attachment":[{"href":"https:\/\/www.alltpaettkort.com\/en\/wp-json\/wp\/v2\/media?parent=40806"}],"wp:term":[{"taxonomy":"product_brand","embeddable":true,"href":"https:\/\/www.alltpaettkort.com\/en\/wp-json\/wp\/v2\/product_brand?post=40806"},{"taxonomy":"product_cat","embeddable":true,"href":"https:\/\/www.alltpaettkort.com\/en\/wp-json\/wp\/v2\/product_cat?post=40806"},{"taxonomy":"product_tag","embeddable":true,"href":"https:\/\/www.alltpaettkort.com\/en\/wp-json\/wp\/v2\/product_tag?post=40806"}],"curies":[{"name":"wp","href":"https:\/\/api.w.org\/{rel}","templated":true}]}}