{"id":40894,"date":"2019-09-03T13:34:24","date_gmt":"2019-09-03T13:34:24","guid":{"rendered":"https:\/\/www.alltpaettkort.com\/produkt\/imhotep-the-duel\/"},"modified":"2022-01-13T08:38:16","modified_gmt":"2022-01-13T08:38:16","slug":"imhotep-the-duel","status":"publish","type":"product","link":"https:\/\/www.alltpaettkort.com\/en\/product\/imhotep-the-duel\/","title":{"rendered":"Imhotep: The Duel"},"content":{"rendered":"<p>The competition of the builders continues in <em><strong>Imhotep: The Duel<\/strong><\/em>!<\/p>\n<p>In this game, players take on the roles of Nefertiti and Akhenaten, one of Egypt&#8217;s most famous royal couples. Game pieces must be cleverly placed so that players can unload the most valuable tiles from the six boats. While this is happening, each player builds their own four monuments in order to gain as many fame points as possible.<\/p>\n<p><strong>F\u00f6r 2 spelare<\/strong><br \/>\n<strong>30 min speltid<\/strong><br \/>\n<strong>Rekommenderad \u00e5lder: 10 <\/strong><strong><a href=\"http:\/\/www.fantasyflightgames.com\/ffg_content\/mansions-of-madness\/support\/MansionsOfMadnessLoRes.pdf\" target=\"_blank\" rel=\"noopener noreferrer\"><br \/>\n<\/a><a href=\"https:\/\/boardgamegeek.com\/boardgame\/255674\/imhotep-duel\" target=\"_blank\" rel=\"noopener noreferrer\">L\u00e4s mer p\u00e5 Boardgamegeek<\/a><\/strong><\/p>","protected":false},"excerpt":{"rendered":"<p>Prima tv\u00e5spelar-version av det fenomenala Imhotep! Ett spel om att frakta stenar, smida planer och bygga s\u00e5 det st\u00e5r h\u00e4rliga till!<\/p>","protected":false},"featured_media":40895,"template":"","meta":[],"product_brand":[],"product_cat":[17],"product_tag":[387],"class_list":{"0":"post-40894","1":"product","2":"type-product","3":"status-publish","4":"has-post-thumbnail","6":"product_cat-strategispel","7":"product_tag-kosmos","9":"first","10":"outofstock","11":"taxable","12":"shipping-taxable","13":"purchasable","14":"product-type-simple"},"_links":{"self":[{"href":"https:\/\/www.alltpaettkort.com\/en\/wp-json\/wp\/v2\/product\/40894","targetHints":{"allow":["GET"]}}],"collection":[{"href":"https:\/\/www.alltpaettkort.com\/en\/wp-json\/wp\/v2\/product"}],"about":[{"href":"https:\/\/www.alltpaettkort.com\/en\/wp-json\/wp\/v2\/types\/product"}],"wp:featuredmedia":[{"embeddable":true,"href":"https:\/\/www.alltpaettkort.com\/en\/wp-json\/wp\/v2\/media\/40895"}],"wp:attachment":[{"href":"https:\/\/www.alltpaettkort.com\/en\/wp-json\/wp\/v2\/media?parent=40894"}],"wp:term":[{"taxonomy":"product_brand","embeddable":true,"href":"https:\/\/www.alltpaettkort.com\/en\/wp-json\/wp\/v2\/product_brand?post=40894"},{"taxonomy":"product_cat","embeddable":true,"href":"https:\/\/www.alltpaettkort.com\/en\/wp-json\/wp\/v2\/product_cat?post=40894"},{"taxonomy":"product_tag","embeddable":true,"href":"https:\/\/www.alltpaettkort.com\/en\/wp-json\/wp\/v2\/product_tag?post=40894"}],"curies":[{"name":"wp","href":"https:\/\/api.w.org\/{rel}","templated":true}]}}