{"id":40902,"date":"2019-09-03T13:49:21","date_gmt":"2019-09-03T13:49:21","guid":{"rendered":"https:\/\/www.alltpaettkort.com\/produkt\/magic-maze-kids\/"},"modified":"2022-01-13T08:38:17","modified_gmt":"2022-01-13T08:38:17","slug":"magic-maze-kids","status":"publish","type":"product","link":"https:\/\/www.alltpaettkort.com\/en\/product\/magic-maze-kids\/","title":{"rendered":"Magic Maze Kids (demoex)"},"content":{"rendered":"<p>The king was accidentally turned into a frog! Gather your friends, stride across the forest, and find the correct ingredients to prepare a potion that will cure him.<\/p>\n<p><em><strong>Magic Maze Kids<\/strong><\/em> is a cooperative game that makes the original mechanisms of <em>Magic Maze<\/em> accessible to young players. Everyone controls all of the heroes, but only in one direction! Tutorials gradually teach you the rules, and several levels make the game evolve with the children.<\/p>\n<p><strong>F\u00f6r 2-4 spelare<\/strong><br \/>\n<strong>15-25 min speltid<\/strong><br \/>\n<strong>Rekommenderad \u00e5lder: 5 <\/strong><br \/>\n<strong><a href=\"https:\/\/boardgamegeek.com\/boardgame\/242740\/magic-maze-kids\" target=\"_blank\" rel=\"noopener noreferrer\">L\u00e4s mer p\u00e5 Boardgamegeek<\/a><\/strong><\/p>","protected":false},"excerpt":{"rendered":"<p>Ett barnanpassat Magic Maze som bjuder p\u00e5 fartfyllt samarbete och nya utmaningar! <strong>OBS. Detta exemplar har anv\u00e4nts f\u00f6r demonstration, men \u00e4r i \u00f6vrigt komplett och i gott skick<\/strong><\/p>","protected":false},"featured_media":40903,"template":"","meta":[],"product_brand":[],"product_cat":[34,69,31,30],"product_tag":[431,432],"class_list":{"0":"post-40902","1":"product","2":"type-product","3":"status-publish","4":"has-post-thumbnail","6":"product_cat-aventyrsspel","7":"product_cat-barnspel","8":"product_cat-familjespel","9":"product_cat-sallskapsspel","10":"product_tag-magic-maze","11":"product_tag-sit-down","13":"first","14":"outofstock","15":"sale","16":"taxable","17":"shipping-taxable","18":"purchasable","19":"product-type-simple"},"_links":{"self":[{"href":"https:\/\/www.alltpaettkort.com\/en\/wp-json\/wp\/v2\/product\/40902","targetHints":{"allow":["GET"]}}],"collection":[{"href":"https:\/\/www.alltpaettkort.com\/en\/wp-json\/wp\/v2\/product"}],"about":[{"href":"https:\/\/www.alltpaettkort.com\/en\/wp-json\/wp\/v2\/types\/product"}],"wp:featuredmedia":[{"embeddable":true,"href":"https:\/\/www.alltpaettkort.com\/en\/wp-json\/wp\/v2\/media\/40903"}],"wp:attachment":[{"href":"https:\/\/www.alltpaettkort.com\/en\/wp-json\/wp\/v2\/media?parent=40902"}],"wp:term":[{"taxonomy":"product_brand","embeddable":true,"href":"https:\/\/www.alltpaettkort.com\/en\/wp-json\/wp\/v2\/product_brand?post=40902"},{"taxonomy":"product_cat","embeddable":true,"href":"https:\/\/www.alltpaettkort.com\/en\/wp-json\/wp\/v2\/product_cat?post=40902"},{"taxonomy":"product_tag","embeddable":true,"href":"https:\/\/www.alltpaettkort.com\/en\/wp-json\/wp\/v2\/product_tag?post=40902"}],"curies":[{"name":"wp","href":"https:\/\/api.w.org\/{rel}","templated":true}]}}