{"id":40910,"date":"2019-09-02T14:08:40","date_gmt":"2019-09-02T14:08:40","guid":{"rendered":"https:\/\/www.alltpaettkort.com\/produkt\/shadows-amsterdam\/"},"modified":"2022-01-13T08:38:18","modified_gmt":"2022-01-13T08:38:18","slug":"shadows-amsterdam","status":"publish","type":"product","link":"https:\/\/www.alltpaettkort.com\/en\/product\/shadows-amsterdam\/","title":{"rendered":"Shadows: Amsterdam"},"content":{"rendered":"<p>Amsterdam, present day. A crime has been committed, but the police investigation is going nowhere. An anonymous client has called your detective agency to investigate. However, your rivals are on the case as well, so there\u2019s no time to waste.<\/p>\n<p>Your Intelligence Officer will guide your Detectives through the city, by sending pictures to communicate. Each image contains location intel &#8230; for those who can understand. But you need to decode the messages faster than your rivals while avoiding the police! Explore the city to find three pieces of evidence, and deliver them to your client before the other team in order to receive payment \u2014 and win the game!<\/p>\n<p>The police don\u2019t want you on the case, so you\u2019d best stay out of their way! If they spot you sniffing around, they\u2019ll put you behind bars, giving your rivals an easy victory.<\/p>\n<p>Shadows &#8211; Amsterdam is a real-time simultaneous competition between detective agencies, using pictures that contain intel to communicate within your own team. Player roles are asymmetrical: each Intelligence Officer tries to guide their own team around the board, and the Detectives try to understand their Intelligence Officer\u2019s clues in a fast-paced race to victory.<\/p>\n<p><strong>F\u00f6r 2-8 spelare<\/strong><br \/>\n<strong>20 min speltid<\/strong><br \/>\n<strong>Rekommenderad \u00e5lder: 10 <\/strong><br \/>\n<a href=\"https:\/\/boardgamegeek.com\/boardgame\/246297\/shadows-amsterdam\"><strong>L\u00e4s mer p\u00e5 Boardgamegeek<\/strong><\/a><\/p>","protected":false},"excerpt":{"rendered":"<p>Klurigt och fartfyllt spel d\u00e4r spelarna dels \u00e4r detektiver som ska l\u00f6sa ett fall i realtid, och dels \u00e4r utredare som delar ut bild-ledtr\u00e5dar!<\/p>","protected":false},"featured_media":40911,"template":"","meta":[],"product_brand":[],"product_cat":[31,30],"product_tag":[516],"class_list":{"0":"post-40910","1":"product","2":"type-product","3":"status-publish","4":"has-post-thumbnail","6":"product_cat-familjespel","7":"product_cat-sallskapsspel","8":"product_tag-libellud","10":"first","11":"outofstock","12":"taxable","13":"shipping-taxable","14":"purchasable","15":"product-type-simple"},"_links":{"self":[{"href":"https:\/\/www.alltpaettkort.com\/en\/wp-json\/wp\/v2\/product\/40910","targetHints":{"allow":["GET"]}}],"collection":[{"href":"https:\/\/www.alltpaettkort.com\/en\/wp-json\/wp\/v2\/product"}],"about":[{"href":"https:\/\/www.alltpaettkort.com\/en\/wp-json\/wp\/v2\/types\/product"}],"wp:featuredmedia":[{"embeddable":true,"href":"https:\/\/www.alltpaettkort.com\/en\/wp-json\/wp\/v2\/media\/40911"}],"wp:attachment":[{"href":"https:\/\/www.alltpaettkort.com\/en\/wp-json\/wp\/v2\/media?parent=40910"}],"wp:term":[{"taxonomy":"product_brand","embeddable":true,"href":"https:\/\/www.alltpaettkort.com\/en\/wp-json\/wp\/v2\/product_brand?post=40910"},{"taxonomy":"product_cat","embeddable":true,"href":"https:\/\/www.alltpaettkort.com\/en\/wp-json\/wp\/v2\/product_cat?post=40910"},{"taxonomy":"product_tag","embeddable":true,"href":"https:\/\/www.alltpaettkort.com\/en\/wp-json\/wp\/v2\/product_tag?post=40910"}],"curies":[{"name":"wp","href":"https:\/\/api.w.org\/{rel}","templated":true}]}}