{"id":40944,"date":"2019-09-09T13:58:46","date_gmt":"2019-09-09T13:58:46","guid":{"rendered":"https:\/\/www.alltpaettkort.com\/produkt\/dinosaur-island-totally-liquid\/"},"modified":"2025-12-22T23:20:24","modified_gmt":"2025-12-22T23:20:24","slug":"dinosaur-island-totally-liquid","status":"publish","type":"product","link":"https:\/\/www.alltpaettkort.com\/en\/product\/dinosaur-island-totally-liquid\/","title":{"rendered":"Dinosaur Island: Totally Liquid"},"content":{"rendered":"<p><em><strong>Dinosaur Island: Totally Liquid<\/strong><\/em> adds components needed to play <em>Dinosaur Island<\/em> with up to five players, in addition to adding water dinosaurs to the base game, new parkboard extensions, executive worker meeples that give unique worker abilities to each player, a blueprints module that rewards players when they build certain park layouts, PR events that create hidden scoring opportunities, and more.<\/p>\n<p><strong><a href=\"https:\/\/boardgamegeek.com\/boardgameexpansion\/248591\/dinosaur-island-totally-liquid\" target=\"_blank\" rel=\"noopener noreferrer\">L\u00e4s mer p\u00e5 Boardgamegeek<\/a><\/strong><\/p>","protected":false},"excerpt":{"rendered":"<p>Fullmatad expansion till lysande Dinosaur Island som bjuder p\u00e5 st\u00f6d f\u00f6r 5 spelare, vattendinosaurier, nya m\u00f6jligheter f\u00f6r att expandera din park, PR events, executive worker meeples mm!<\/p>","protected":false},"featured_media":40945,"template":"","meta":[],"product_brand":[],"product_cat":[43],"product_tag":[457,183],"class_list":{"0":"post-40944","1":"product","2":"type-product","3":"status-publish","4":"has-post-thumbnail","6":"product_cat-expansion","7":"product_tag-dinosaur-island","8":"product_tag-pandasaurus-games","10":"first","11":"outofstock","12":"taxable","13":"shipping-taxable","14":"purchasable","15":"product-type-simple"},"_links":{"self":[{"href":"https:\/\/www.alltpaettkort.com\/en\/wp-json\/wp\/v2\/product\/40944","targetHints":{"allow":["GET"]}}],"collection":[{"href":"https:\/\/www.alltpaettkort.com\/en\/wp-json\/wp\/v2\/product"}],"about":[{"href":"https:\/\/www.alltpaettkort.com\/en\/wp-json\/wp\/v2\/types\/product"}],"wp:featuredmedia":[{"embeddable":true,"href":"https:\/\/www.alltpaettkort.com\/en\/wp-json\/wp\/v2\/media\/40945"}],"wp:attachment":[{"href":"https:\/\/www.alltpaettkort.com\/en\/wp-json\/wp\/v2\/media?parent=40944"}],"wp:term":[{"taxonomy":"product_brand","embeddable":true,"href":"https:\/\/www.alltpaettkort.com\/en\/wp-json\/wp\/v2\/product_brand?post=40944"},{"taxonomy":"product_cat","embeddable":true,"href":"https:\/\/www.alltpaettkort.com\/en\/wp-json\/wp\/v2\/product_cat?post=40944"},{"taxonomy":"product_tag","embeddable":true,"href":"https:\/\/www.alltpaettkort.com\/en\/wp-json\/wp\/v2\/product_tag?post=40944"}],"curies":[{"name":"wp","href":"https:\/\/api.w.org\/{rel}","templated":true}]}}