{"id":41010,"date":"2019-01-25T08:05:58","date_gmt":"2019-01-25T08:05:58","guid":{"rendered":"https:\/\/www.alltpaettkort.com\/produkt\/vindication-kickstarter-bundle\/"},"modified":"2022-01-13T08:38:23","modified_gmt":"2022-01-13T08:38:23","slug":"vindication-kickstarter-bundle","status":"publish","type":"product","link":"https:\/\/www.alltpaettkort.com\/en\/product\/vindication-kickstarter-bundle\/","title":{"rendered":"Vindication Kickstarter Bundle"},"content":{"rendered":"<p>Seek vindication after a life of greed and treachery in this highly strategic, fantasy-based tabletop board game for 2-5 players.\u00a0Game play generally takes 15-30 minutes per player. Key game descriptors would include:<em> high-strategy, tableau building, resource management, area control, action selection, modular board, and variable player powers.<\/em><\/p>\n<p><em>Thrown overboard for a life of wretchedness, you&#8217;re left to die in the icy black sea. Just before vanishing into endless darkness, you wash ashore a hostile island ruins where you are revived by a traveler. As you open your eyes to your bizarre new home, you find that something better, something stronger has awakened inside you.<\/em><\/p>\n<p><em>Manage your personal attributes wisely and call on your conviction as you leverage your influence to gain companions, control locations, acquire mysterious relics, bash horrific monsters and (if it\u2019s your style) snuggle some seriously exotic pets in the ultimate goal of mastering heroic attributes \u2014 and regaining your lost honor before the end of the epoch is triggered!<\/em><\/p>\n<p><strong>F\u00f6r 1-5 spelare<\/strong><br \/>\n<strong>45-150 min speltid<\/strong><br \/>\n<strong>Rekommenderad \u00e5lder: 14 <\/strong><br \/>\n<a href=\"https:\/\/boardgamegeek.com\/boardgame\/224783\/vindication\"><strong>L\u00e4s mer p\u00e5 Boardgamegeek<\/strong><\/a><\/p>","protected":false},"excerpt":{"rendered":"<p>Sansl\u00f6st l\u00e4ckert och hyllat strategispel om att bli sl\u00e4ngd \u00f6ver bord och strandsatt p\u00e5 en mystisk hotfull \u00f6 f\u00f6r att s\u00f6ka \u00e5teruppr\u00e4ttelse! Det h\u00e4r \u00e4r hela Green Tier-pledgen inkl. stretch goals fr\u00e5n Kickstarter-kampanjen som vi f\u00e5tt in i ett f\u00e5tal exemplar, som inkluderar Leaders &amp; Alliances-expansionen, Metal Treshold Medallions, Community Promo Pack och Boulder Hulk Awakened Promotional Miniature!<\/p>","protected":false},"featured_media":41011,"template":"","meta":[],"product_brand":[],"product_cat":[34,17],"product_tag":[520],"class_list":{"0":"post-41010","1":"product","2":"type-product","3":"status-publish","4":"has-post-thumbnail","6":"product_cat-aventyrsspel","7":"product_cat-strategispel","8":"product_tag-orange-nebula","10":"first","11":"outofstock","12":"taxable","13":"shipping-taxable","14":"purchasable","15":"product-type-simple"},"_links":{"self":[{"href":"https:\/\/www.alltpaettkort.com\/en\/wp-json\/wp\/v2\/product\/41010","targetHints":{"allow":["GET"]}}],"collection":[{"href":"https:\/\/www.alltpaettkort.com\/en\/wp-json\/wp\/v2\/product"}],"about":[{"href":"https:\/\/www.alltpaettkort.com\/en\/wp-json\/wp\/v2\/types\/product"}],"wp:featuredmedia":[{"embeddable":true,"href":"https:\/\/www.alltpaettkort.com\/en\/wp-json\/wp\/v2\/media\/41011"}],"wp:attachment":[{"href":"https:\/\/www.alltpaettkort.com\/en\/wp-json\/wp\/v2\/media?parent=41010"}],"wp:term":[{"taxonomy":"product_brand","embeddable":true,"href":"https:\/\/www.alltpaettkort.com\/en\/wp-json\/wp\/v2\/product_brand?post=41010"},{"taxonomy":"product_cat","embeddable":true,"href":"https:\/\/www.alltpaettkort.com\/en\/wp-json\/wp\/v2\/product_cat?post=41010"},{"taxonomy":"product_tag","embeddable":true,"href":"https:\/\/www.alltpaettkort.com\/en\/wp-json\/wp\/v2\/product_tag?post=41010"}],"curies":[{"name":"wp","href":"https:\/\/api.w.org\/{rel}","templated":true}]}}