{"id":41064,"date":"2019-10-02T18:36:14","date_gmt":"2019-10-02T18:36:14","guid":{"rendered":"https:\/\/www.alltpaettkort.com\/produkt\/legend-of-the-five-rings-the-card-game-winter-court-2018-world-championship-deck\/"},"modified":"2024-03-07T15:22:17","modified_gmt":"2024-03-07T15:22:17","slug":"legend-of-the-five-rings-the-card-game-winter-court-2018-world-championship-deck","status":"publish","type":"product","link":"https:\/\/www.alltpaettkort.com\/en\/product\/legend-of-the-five-rings-the-card-game-winter-court-2018-world-championship-deck\/","title":{"rendered":"Legend of the Five Rings: The Card Game \u2013 Winter Court 2018 World Championship Deck"},"content":{"rendered":"<p>Harness the power of the Crane Clan with the <em>Winter Court 2018 World Championship Deck<\/em> for <em>Legend of the Five Rings: The Card Game<\/em>!<\/p>\n<p>This pre-constructed Crane deck is identical to the deck used by Shogun Erik Baalhuis during the 2018 Winter Court World Championships! Now these 87 cards can be yours in an exciting new extended art layout!<\/p>","protected":false},"excerpt":{"rendered":"<p>M\u00e4sterleken fr\u00e5n m\u00e4sterskapet 2018, redo att spelas med!<\/p>","protected":false},"featured_media":41065,"template":"","meta":[],"product_brand":[],"product_cat":[43],"product_tag":[479,18,423],"class_list":{"0":"post-41064","1":"product","2":"type-product","3":"status-publish","4":"has-post-thumbnail","6":"product_cat-expansion","7":"product_tag-elemental-cycle","8":"product_tag-fantasy-flight-games","9":"product_tag-legend-of-the-five-rings","11":"first","12":"instock","13":"taxable","14":"shipping-taxable","15":"purchasable","16":"product-type-simple"},"_links":{"self":[{"href":"https:\/\/www.alltpaettkort.com\/en\/wp-json\/wp\/v2\/product\/41064","targetHints":{"allow":["GET"]}}],"collection":[{"href":"https:\/\/www.alltpaettkort.com\/en\/wp-json\/wp\/v2\/product"}],"about":[{"href":"https:\/\/www.alltpaettkort.com\/en\/wp-json\/wp\/v2\/types\/product"}],"wp:featuredmedia":[{"embeddable":true,"href":"https:\/\/www.alltpaettkort.com\/en\/wp-json\/wp\/v2\/media\/41065"}],"wp:attachment":[{"href":"https:\/\/www.alltpaettkort.com\/en\/wp-json\/wp\/v2\/media?parent=41064"}],"wp:term":[{"taxonomy":"product_brand","embeddable":true,"href":"https:\/\/www.alltpaettkort.com\/en\/wp-json\/wp\/v2\/product_brand?post=41064"},{"taxonomy":"product_cat","embeddable":true,"href":"https:\/\/www.alltpaettkort.com\/en\/wp-json\/wp\/v2\/product_cat?post=41064"},{"taxonomy":"product_tag","embeddable":true,"href":"https:\/\/www.alltpaettkort.com\/en\/wp-json\/wp\/v2\/product_tag?post=41064"}],"curies":[{"name":"wp","href":"https:\/\/api.w.org\/{rel}","templated":true}]}}