{"id":41096,"date":"2021-12-05T10:34:44","date_gmt":"2021-12-05T10:34:44","guid":{"rendered":"https:\/\/www.alltpaettkort.com\/produkt\/wingspan-european-expansion\/"},"modified":"2022-07-26T12:02:37","modified_gmt":"2022-07-26T12:02:37","slug":"wingspan-european-expansion","status":"publish","type":"product","link":"https:\/\/www.alltpaettkort.com\/en\/product\/wingspan-european-expansion\/","title":{"rendered":"Wingspan: European Expansion"},"content":{"rendered":"<p>In this first expansion to <em>Wingspan<\/em>, we increase the scope of the world to include the regal, beautiful, and varied birds of Europe. These birds feature a variety of new abilities, including a number of birds with round end abilities, abilities that increase interaction between players, and birds that benefit from excess cards\/food. Along with the new bonus cards, they\u2019re designed to be shuffled into the original decks of cards (and cards from future expansions).<\/p>\n<p>The <em><strong>European Expansion<\/strong><\/em> also includes an additional tray for storing the growing collection of birds (past, present, and future), as well as 15 purple eggs, extra food tokens, and a colorful new scorepad designed for both multi-player and single-player scoring.<\/p>\n<p><a href=\"https:\/\/boardgamegeek.com\/boardgame\/266192\/wingspan\"><strong>L\u00e4s mer p\u00e5 Boardgamegeek<\/strong><\/a><\/p>","protected":false},"excerpt":{"rendered":"<p>Expansion till finfina Wingspan som bjuder p\u00e5 europeiska f\u00e5glar och nya strategiska m\u00f6jligheter!<\/p>","protected":false},"featured_media":41097,"template":"","meta":[],"product_brand":[],"product_cat":[43],"product_tag":[263],"class_list":{"0":"post-41096","1":"product","2":"type-product","3":"status-publish","4":"has-post-thumbnail","6":"product_cat-expansion","7":"product_tag-stonemaier-games","9":"first","10":"outofstock","11":"taxable","12":"shipping-taxable","13":"purchasable","14":"product-type-simple"},"_links":{"self":[{"href":"https:\/\/www.alltpaettkort.com\/en\/wp-json\/wp\/v2\/product\/41096","targetHints":{"allow":["GET"]}}],"collection":[{"href":"https:\/\/www.alltpaettkort.com\/en\/wp-json\/wp\/v2\/product"}],"about":[{"href":"https:\/\/www.alltpaettkort.com\/en\/wp-json\/wp\/v2\/types\/product"}],"wp:featuredmedia":[{"embeddable":true,"href":"https:\/\/www.alltpaettkort.com\/en\/wp-json\/wp\/v2\/media\/41097"}],"wp:attachment":[{"href":"https:\/\/www.alltpaettkort.com\/en\/wp-json\/wp\/v2\/media?parent=41096"}],"wp:term":[{"taxonomy":"product_brand","embeddable":true,"href":"https:\/\/www.alltpaettkort.com\/en\/wp-json\/wp\/v2\/product_brand?post=41096"},{"taxonomy":"product_cat","embeddable":true,"href":"https:\/\/www.alltpaettkort.com\/en\/wp-json\/wp\/v2\/product_cat?post=41096"},{"taxonomy":"product_tag","embeddable":true,"href":"https:\/\/www.alltpaettkort.com\/en\/wp-json\/wp\/v2\/product_tag?post=41096"}],"curies":[{"name":"wp","href":"https:\/\/api.w.org\/{rel}","templated":true}]}}