{"id":41212,"date":"2022-05-18T15:59:42","date_gmt":"2022-05-18T15:59:42","guid":{"rendered":"https:\/\/www.alltpaettkort.com\/produkt\/nemesis\/"},"modified":"2022-10-01T08:43:03","modified_gmt":"2022-10-01T08:43:03","slug":"nemesis","status":"publish","type":"product","link":"https:\/\/www.alltpaettkort.com\/en\/product\/nemesis\/","title":{"rendered":"Nemesis"},"content":{"rendered":"<p><em><strong>Nemesis<\/strong><\/em> is a 1-5 player survival sci-fi game where players are woken up from hibernation as a crew of a space ship. The emergency procedure states that there is a critical system failure and the space ship can&#8217;t continue its cruise. The goal of the crew is to find what is causing this failure and fix the situation to safely return back to Earth. The main problem is that one crew member is dead. Somebody crashed his hibernation chamber and pulled his body out. In addition, if you listen closely, some additional noises and sounds can be heard. New ones, strange ones, ones that were never heard before\u2026<\/p>\n<p><em><strong>Nemesis<\/strong><\/em> is a cooperation game combined with bluffing, backstabbing, and other elements of a science-fiction survival horror adventure.<\/p>\n<p><strong>F\u00f6r 1-5 spelare<\/strong><br \/>\n<strong>90-180 min speltid<\/strong><br \/>\n<strong>Rekommenderad \u00e5lder: 12 <\/strong><br \/>\n<a href=\"https:\/\/boardgamegeek.com\/boardgame\/167355\/nemesis\"><strong>L\u00e4s mer p\u00e5 Boardgamegeek<\/strong><\/a><\/p>","protected":false},"excerpt":{"rendered":"<p>Tokl\u00e4ckert Aliens-osande spel om att \u00f6verleva tillsammans p\u00e5 ett rymdskepp fullproppat med dramatik och survival horror-sp\u00e4nning!<\/p>","protected":false},"featured_media":41213,"template":"","meta":[],"product_brand":[],"product_cat":[16,34],"product_tag":[524],"class_list":{"0":"post-41212","1":"product","2":"type-product","3":"status-publish","4":"has-post-thumbnail","6":"product_cat-ameritrash","7":"product_cat-aventyrsspel","8":"product_tag-awaken-realms","10":"first","11":"outofstock","12":"taxable","13":"shipping-taxable","14":"purchasable","15":"product-type-simple"},"_links":{"self":[{"href":"https:\/\/www.alltpaettkort.com\/en\/wp-json\/wp\/v2\/product\/41212","targetHints":{"allow":["GET"]}}],"collection":[{"href":"https:\/\/www.alltpaettkort.com\/en\/wp-json\/wp\/v2\/product"}],"about":[{"href":"https:\/\/www.alltpaettkort.com\/en\/wp-json\/wp\/v2\/types\/product"}],"wp:featuredmedia":[{"embeddable":true,"href":"https:\/\/www.alltpaettkort.com\/en\/wp-json\/wp\/v2\/media\/41213"}],"wp:attachment":[{"href":"https:\/\/www.alltpaettkort.com\/en\/wp-json\/wp\/v2\/media?parent=41212"}],"wp:term":[{"taxonomy":"product_brand","embeddable":true,"href":"https:\/\/www.alltpaettkort.com\/en\/wp-json\/wp\/v2\/product_brand?post=41212"},{"taxonomy":"product_cat","embeddable":true,"href":"https:\/\/www.alltpaettkort.com\/en\/wp-json\/wp\/v2\/product_cat?post=41212"},{"taxonomy":"product_tag","embeddable":true,"href":"https:\/\/www.alltpaettkort.com\/en\/wp-json\/wp\/v2\/product_tag?post=41212"}],"curies":[{"name":"wp","href":"https:\/\/api.w.org\/{rel}","templated":true}]}}