{"id":41624,"date":"2019-12-16T14:33:47","date_gmt":"2019-12-16T14:33:47","guid":{"rendered":"https:\/\/www.alltpaettkort.com\/produkt\/hanabi-deluxe-ii\/"},"modified":"2022-01-13T08:38:43","modified_gmt":"2022-01-13T08:38:43","slug":"hanabi-deluxe-ii","status":"publish","type":"product","link":"https:\/\/www.alltpaettkort.com\/en\/product\/hanabi-deluxe-ii\/","title":{"rendered":"Hanabi Deluxe II"},"content":{"rendered":"<p><em><strong>Hanabi<\/strong><\/em> \u2014 named for the Japanese word for &#8221;fireworks&#8221; \u2014 is a co-operative game in which players try to create the perfect fireworks show by placing the cards on the table in the right order. (In Japanese, <em>hanabi<\/em> is written as \u82b1\u706b; these are the ideograms <em>flower<\/em> and <em>fire<\/em>, respectively.)<\/p>\n<p>The card deck consists of five different colors of cards, numbered 1\u20135 in each color. For each color, the players try to place a row in the correct order from 1\u20135. Sounds easy, right? Well, not quite, as in this game you hold your cards so that they&#8217;re visible only to other players. To assist other players in playing a card, you must give them hints regarding the numbers or the colors of their cards. Players must act as a team to avoid errors and to finish the fireworks display before they run out of cards.<\/p>\n<p><em><strong>Hanabi Deluxe II<\/strong><\/em> is similar to the <em>Hanabi Deluxe<\/em> edition first released in 2013, which features the same gameplay as the original game, but with the cards being replaced by Mah Jhong-style tiles. <em>Hanabi Deluxe II<\/em> includes six unique tiles that comprise the &#8221;Master Artisan&#8221; expansion.<\/p>\n<p><strong>F\u00f6r 2-5 spelare<\/strong><br \/>\n<strong>25 min speltid<\/strong><br \/>\n<strong>Rekommenderad \u00e5lder: 8 <\/strong><br \/>\n<strong><a href=\"https:\/\/boardgamegeek.com\/boardgame\/272743\/hanabi-deluxe-ii\" target=\"_blank\" rel=\"noopener noreferrer\">L\u00e4s mer p\u00e5 Boardgamegeek<\/a><\/strong><\/p>","protected":false},"excerpt":{"rendered":"<p>Url\u00e4cker lyxutg\u00e5va med fina Mah Jhong-liknande brickor med h\u00e4rlig tyngd av det fantastisk samarbetsspelet Hanabi inklusive inneh\u00e5llet fr\u00e5n Master Artisan-expansionen! Spelet g\u00e5r ut p\u00e5 att tillsammans f\u00e5 till ett spektakul\u00e4rt fyrverkeri genom att ge ledtr\u00e5dar om varandras kort, som spelarna h\u00e5ller bakochfram. Spiel des Jahres-vinnare 2013 som varmt rekommenderas!<\/p>","protected":false},"featured_media":41625,"template":"","meta":[],"product_brand":[],"product_cat":[69,31,63,30],"product_tag":[],"class_list":{"0":"post-41624","1":"product","2":"type-product","3":"status-publish","4":"has-post-thumbnail","6":"product_cat-barnspel","7":"product_cat-familjespel","8":"product_cat-kortspel","9":"product_cat-sallskapsspel","11":"first","12":"outofstock","13":"featured","14":"taxable","15":"shipping-taxable","16":"purchasable","17":"product-type-simple"},"_links":{"self":[{"href":"https:\/\/www.alltpaettkort.com\/en\/wp-json\/wp\/v2\/product\/41624","targetHints":{"allow":["GET"]}}],"collection":[{"href":"https:\/\/www.alltpaettkort.com\/en\/wp-json\/wp\/v2\/product"}],"about":[{"href":"https:\/\/www.alltpaettkort.com\/en\/wp-json\/wp\/v2\/types\/product"}],"wp:featuredmedia":[{"embeddable":true,"href":"https:\/\/www.alltpaettkort.com\/en\/wp-json\/wp\/v2\/media\/41625"}],"wp:attachment":[{"href":"https:\/\/www.alltpaettkort.com\/en\/wp-json\/wp\/v2\/media?parent=41624"}],"wp:term":[{"taxonomy":"product_brand","embeddable":true,"href":"https:\/\/www.alltpaettkort.com\/en\/wp-json\/wp\/v2\/product_brand?post=41624"},{"taxonomy":"product_cat","embeddable":true,"href":"https:\/\/www.alltpaettkort.com\/en\/wp-json\/wp\/v2\/product_cat?post=41624"},{"taxonomy":"product_tag","embeddable":true,"href":"https:\/\/www.alltpaettkort.com\/en\/wp-json\/wp\/v2\/product_tag?post=41624"}],"curies":[{"name":"wp","href":"https:\/\/api.w.org\/{rel}","templated":true}]}}