{"id":41848,"date":"2020-01-29T18:58:37","date_gmt":"2020-01-29T18:58:37","guid":{"rendered":"https:\/\/www.alltpaettkort.com\/produkt\/dicetopia-roll-with-the-punches\/"},"modified":"2022-01-13T08:38:45","modified_gmt":"2022-01-13T08:38:45","slug":"dicetopia-roll-with-the-punches","status":"publish","type":"product","link":"https:\/\/www.alltpaettkort.com\/en\/product\/dicetopia-roll-with-the-punches\/","title":{"rendered":"Dicetopia: Roll with the Punches"},"content":{"rendered":"<p><em><strong>Roll with the Punches<\/strong><\/em> is an expansion for Dicetopia that brings a whole new layer of control to the game with unchangeable Magmacorium dice, protection tokens and turn order manipulation! It also adds a new Wasteland Board with three new locations, 5 player support, short turn objectives, as well as more factions, missions and scenarios!<\/p>\n<p><a href=\"https:\/\/boardgamegeek.com\/boardgameexpansion\/255988\/dicetopia-roll-punches\"><strong>L\u00e4s mer p\u00e5 Boardgamegeek<\/strong><\/a><\/p>","protected":false},"excerpt":{"rendered":"<p>Expansion till Dicetopia med st\u00f6d f\u00f6r 5 spelare som \u00f6ser p\u00e5 med ett nytt Wasteland-omr\u00e5de som bjuder p\u00e5 m\u00f6jligheter att plocka snabba po\u00e4ng genom att delta i blodsport, manipulera spelarordningen, skydda sina egna t\u00e4rningar och nya giftiga magmacorium-t\u00e4rningar! Dessutom finns nya uppdrag, faktioner och scenarios!<\/p>","protected":false},"featured_media":41849,"template":"","meta":[],"product_brand":[],"product_cat":[43],"product_tag":[489,490],"class_list":{"0":"post-41848","1":"product","2":"type-product","3":"status-publish","4":"has-post-thumbnail","6":"product_cat-expansion","7":"product_tag-all-or-none-games","8":"product_tag-dicetopia","10":"first","11":"instock","12":"taxable","13":"shipping-taxable","14":"purchasable","15":"product-type-simple"},"_links":{"self":[{"href":"https:\/\/www.alltpaettkort.com\/en\/wp-json\/wp\/v2\/product\/41848","targetHints":{"allow":["GET"]}}],"collection":[{"href":"https:\/\/www.alltpaettkort.com\/en\/wp-json\/wp\/v2\/product"}],"about":[{"href":"https:\/\/www.alltpaettkort.com\/en\/wp-json\/wp\/v2\/types\/product"}],"wp:featuredmedia":[{"embeddable":true,"href":"https:\/\/www.alltpaettkort.com\/en\/wp-json\/wp\/v2\/media\/41849"}],"wp:attachment":[{"href":"https:\/\/www.alltpaettkort.com\/en\/wp-json\/wp\/v2\/media?parent=41848"}],"wp:term":[{"taxonomy":"product_brand","embeddable":true,"href":"https:\/\/www.alltpaettkort.com\/en\/wp-json\/wp\/v2\/product_brand?post=41848"},{"taxonomy":"product_cat","embeddable":true,"href":"https:\/\/www.alltpaettkort.com\/en\/wp-json\/wp\/v2\/product_cat?post=41848"},{"taxonomy":"product_tag","embeddable":true,"href":"https:\/\/www.alltpaettkort.com\/en\/wp-json\/wp\/v2\/product_tag?post=41848"}],"curies":[{"name":"wp","href":"https:\/\/api.w.org\/{rel}","templated":true}]}}