{"id":41855,"date":"2019-06-28T19:10:52","date_gmt":"2019-06-28T19:10:52","guid":{"rendered":"https:\/\/www.alltpaettkort.com\/produkt\/dicetopia-agent-meeple-pack-2\/"},"modified":"2022-01-13T08:38:47","modified_gmt":"2022-01-13T08:38:47","slug":"dicetopia-agent-meeple-pack-2","status":"publish","type":"product","link":"https:\/\/www.alltpaettkort.com\/en\/product\/dicetopia-agent-meeple-pack-2\/","title":{"rendered":"Dicetopia Agent Meeple Pack #2"},"content":{"rendered":"<p>The add-on is for Dicetopia and includes the following components:<\/p>\n<p>7 x Purple Translucent Mini-Meeples<br \/>\n7 x Orange Translucent Mini-Meeples<br \/>\n7 x Azur Blue Translucent Mini-Meeples<br \/>\n7 x Pink Translucent Mini-Meeples<br \/>\n7 x Lime Green Translucent Mini-Meeples<\/p>","protected":false},"excerpt":{"rendered":"<p>Finfina sm\u00e5 agenter i akryl till Dicetopia i alternativa f\u00e4rger f\u00f6r mer inlevelse och variation!<\/p>","protected":false},"featured_media":41856,"template":"","meta":[],"product_brand":[],"product_cat":[103],"product_tag":[489,490],"class_list":{"0":"post-41855","1":"product","2":"type-product","3":"status-publish","4":"has-post-thumbnail","6":"product_cat-tillbehor","7":"product_tag-all-or-none-games","8":"product_tag-dicetopia","10":"first","11":"instock","12":"taxable","13":"shipping-taxable","14":"purchasable","15":"product-type-simple"},"_links":{"self":[{"href":"https:\/\/www.alltpaettkort.com\/en\/wp-json\/wp\/v2\/product\/41855","targetHints":{"allow":["GET"]}}],"collection":[{"href":"https:\/\/www.alltpaettkort.com\/en\/wp-json\/wp\/v2\/product"}],"about":[{"href":"https:\/\/www.alltpaettkort.com\/en\/wp-json\/wp\/v2\/types\/product"}],"wp:featuredmedia":[{"embeddable":true,"href":"https:\/\/www.alltpaettkort.com\/en\/wp-json\/wp\/v2\/media\/41856"}],"wp:attachment":[{"href":"https:\/\/www.alltpaettkort.com\/en\/wp-json\/wp\/v2\/media?parent=41855"}],"wp:term":[{"taxonomy":"product_brand","embeddable":true,"href":"https:\/\/www.alltpaettkort.com\/en\/wp-json\/wp\/v2\/product_brand?post=41855"},{"taxonomy":"product_cat","embeddable":true,"href":"https:\/\/www.alltpaettkort.com\/en\/wp-json\/wp\/v2\/product_cat?post=41855"},{"taxonomy":"product_tag","embeddable":true,"href":"https:\/\/www.alltpaettkort.com\/en\/wp-json\/wp\/v2\/product_tag?post=41855"}],"curies":[{"name":"wp","href":"https:\/\/api.w.org\/{rel}","templated":true}]}}