{"id":41858,"date":"2020-01-28T19:24:45","date_gmt":"2020-01-28T19:24:45","guid":{"rendered":"https:\/\/www.alltpaettkort.com\/produkt\/dicetopia-co-op-heist-pack\/"},"modified":"2022-06-20T07:45:31","modified_gmt":"2022-06-20T07:45:31","slug":"dicetopia-co-op-heist-pack","status":"publish","type":"product","link":"https:\/\/www.alltpaettkort.com\/en\/product\/dicetopia-co-op-heist-pack\/","title":{"rendered":"Dicetopia Co-Op Heist Pack"},"content":{"rendered":"<p>Pull off a daring heist together in this co-op addon for Dicetopia!<\/p>","protected":false},"excerpt":{"rendered":"<p>Samarbetsvariant till Dicetopia d\u00e4r spelarna f\u00f6rs\u00f6ker genomf\u00f6ra en heist!<\/p>","protected":false},"featured_media":41859,"template":"","meta":[],"product_brand":[],"product_cat":[43],"product_tag":[489,490],"class_list":{"0":"post-41858","1":"product","2":"type-product","3":"status-publish","4":"has-post-thumbnail","6":"product_cat-expansion","7":"product_tag-all-or-none-games","8":"product_tag-dicetopia","10":"first","11":"instock","12":"taxable","13":"shipping-taxable","14":"purchasable","15":"product-type-simple"},"_links":{"self":[{"href":"https:\/\/www.alltpaettkort.com\/en\/wp-json\/wp\/v2\/product\/41858","targetHints":{"allow":["GET"]}}],"collection":[{"href":"https:\/\/www.alltpaettkort.com\/en\/wp-json\/wp\/v2\/product"}],"about":[{"href":"https:\/\/www.alltpaettkort.com\/en\/wp-json\/wp\/v2\/types\/product"}],"wp:featuredmedia":[{"embeddable":true,"href":"https:\/\/www.alltpaettkort.com\/en\/wp-json\/wp\/v2\/media\/41859"}],"wp:attachment":[{"href":"https:\/\/www.alltpaettkort.com\/en\/wp-json\/wp\/v2\/media?parent=41858"}],"wp:term":[{"taxonomy":"product_brand","embeddable":true,"href":"https:\/\/www.alltpaettkort.com\/en\/wp-json\/wp\/v2\/product_brand?post=41858"},{"taxonomy":"product_cat","embeddable":true,"href":"https:\/\/www.alltpaettkort.com\/en\/wp-json\/wp\/v2\/product_cat?post=41858"},{"taxonomy":"product_tag","embeddable":true,"href":"https:\/\/www.alltpaettkort.com\/en\/wp-json\/wp\/v2\/product_tag?post=41858"}],"curies":[{"name":"wp","href":"https:\/\/api.w.org\/{rel}","templated":true}]}}