{"id":41891,"date":"2020-06-07T07:55:56","date_gmt":"2020-06-07T07:55:56","guid":{"rendered":"https:\/\/www.alltpaettkort.com\/produkt\/the-taverns-of-tiefenthal\/"},"modified":"2024-11-05T15:57:00","modified_gmt":"2024-11-05T15:57:00","slug":"the-taverns-of-tiefenthal","status":"publish","type":"product","link":"https:\/\/www.alltpaettkort.com\/en\/product\/the-taverns-of-tiefenthal\/","title":{"rendered":"The Taverns of Tiefenthal"},"content":{"rendered":"<p>In the village of Tiefenthal lies &#8221;The Tavern of the Deep Valley&#8221;. There, all citizens from the area gather, but it&#8217;s important to attract new, wealthy guests for only then is there enough money to expand the tavern, which will then lure nobles into the tavern as well. But which tavern expansion is best? Should you focus on money? Or rather ensure that the beer will keep flowing?<\/p>\n<p>In <em><strong>Die Tavernen im Tiefen Thal<\/strong><\/em>, the challenge is to skillfully choose the dice and develop your personal deck of cards as profitably as possible. The game is structured with five modules so that your group can add extra levels of complexity as you become more familiar with the game.<\/p>\n<p><strong>F\u00f6r 2-4 spelare<\/strong><br \/>\n<strong>60 min speltid<\/strong><br \/>\n<strong>Rekommenderad \u00e5lder: 12 <\/strong><br \/>\n<a href=\"https:\/\/boardgamegeek.com\/boardgame\/269207\/taverns-tiefenthal\"><strong>L\u00e4s mer p\u00e5 Boardgamegeek<\/strong><\/a><\/p>","protected":false},"excerpt":{"rendered":"<p>Ett riktigt f\u00f6rtjusande v\u00e4rldshussimulator som g\u00e5r ut p\u00e5 att locka till sig kunder genom fiffigt anv\u00e4ndande av kort och t\u00e4rningar!<\/p>","protected":false},"featured_media":41892,"template":"","meta":[],"product_brand":[],"product_cat":[29,30,17],"product_tag":[501],"class_list":{"0":"post-41891","1":"product","2":"type-product","3":"status-publish","4":"has-post-thumbnail","6":"product_cat-eurospel","7":"product_cat-sallskapsspel","8":"product_cat-strategispel","9":"product_tag-schmidt-spiele","11":"first","12":"instock","13":"taxable","14":"shipping-taxable","15":"purchasable","16":"product-type-simple"},"_links":{"self":[{"href":"https:\/\/www.alltpaettkort.com\/en\/wp-json\/wp\/v2\/product\/41891","targetHints":{"allow":["GET"]}}],"collection":[{"href":"https:\/\/www.alltpaettkort.com\/en\/wp-json\/wp\/v2\/product"}],"about":[{"href":"https:\/\/www.alltpaettkort.com\/en\/wp-json\/wp\/v2\/types\/product"}],"wp:featuredmedia":[{"embeddable":true,"href":"https:\/\/www.alltpaettkort.com\/en\/wp-json\/wp\/v2\/media\/41892"}],"wp:attachment":[{"href":"https:\/\/www.alltpaettkort.com\/en\/wp-json\/wp\/v2\/media?parent=41891"}],"wp:term":[{"taxonomy":"product_brand","embeddable":true,"href":"https:\/\/www.alltpaettkort.com\/en\/wp-json\/wp\/v2\/product_brand?post=41891"},{"taxonomy":"product_cat","embeddable":true,"href":"https:\/\/www.alltpaettkort.com\/en\/wp-json\/wp\/v2\/product_cat?post=41891"},{"taxonomy":"product_tag","embeddable":true,"href":"https:\/\/www.alltpaettkort.com\/en\/wp-json\/wp\/v2\/product_tag?post=41891"}],"curies":[{"name":"wp","href":"https:\/\/api.w.org\/{rel}","templated":true}]}}