{"id":41984,"date":"2020-02-23T16:25:14","date_gmt":"2020-02-23T16:25:14","guid":{"rendered":"https:\/\/www.alltpaettkort.com\/produkt\/carnival-of-monsters\/"},"modified":"2022-01-13T08:38:52","modified_gmt":"2022-01-13T08:38:52","slug":"carnival-of-monsters","status":"publish","type":"product","link":"https:\/\/www.alltpaettkort.com\/en\/product\/carnival-of-monsters\/","title":{"rendered":"Carnival of Monsters"},"content":{"rendered":"<p>The Royal Monstrological Society counts among its members the most renowned and respected experts in monster lore throughout the entire empire. Each year the Society permits only a single new member to join, so applicants compete to prove their worth with the most magnificent menagerie of monstrous beasts they can find&#8230; and capture.<\/p>\n<p>To aid in these quests of discovery the Society grants every aspiring monstrologist a small stipend, which they can use to hire additional experts and fund their journeys to the magical lands where the most exotic beasts reside.<\/p>\n<p>After four seasons of hunting, would-be members present their collections at the organization\u2019s annual banquet, an event known as the &#8221;Carnival of Monsters&#8221;.<\/p>\n<p><em><strong>Carnival of Monsters<\/strong><\/em> is a card-drafting game in which players try to collect sets of Land Cards so they can capture and display strange and exotic Monsters, hire talented Staff to help run their enterprise, and pursue their own Secret Goals. Points are awarded for displaying Monsters, completing Goals, and earning Gold Crowns (Crowns) over four \u201cSeasons\u201d of play.<\/p>\n<p>In the end, the player with the most profitable and spectacular carnival is the winner!<\/p>\n<p><strong>F\u00f6r 2-5 spelare<\/strong><br \/>\n<strong>45 min speltid<\/strong><br \/>\n<strong>Rekommenderad \u00e5lder: 12 <\/strong><br \/>\n<a href=\"https:\/\/boardgamegeek.com\/boardgame\/231484\/carnival-monsters\"><strong>L\u00e4s mer p\u00e5 Boardgamegeek<\/strong><\/a><\/p>","protected":false},"excerpt":{"rendered":"<p>Nytt spel fr\u00e5n Richard Garfield om att samla ihop spektakul\u00e4ra monster f\u00f6r att visa upp i din egna karneval!<\/p>","protected":false},"featured_media":41985,"template":"","meta":[],"product_brand":[],"product_cat":[63,17],"product_tag":[531],"class_list":{"0":"post-41984","1":"product","2":"type-product","3":"status-publish","4":"has-post-thumbnail","6":"product_cat-kortspel","7":"product_cat-strategispel","8":"product_tag-amigo","10":"first","11":"outofstock","12":"taxable","13":"shipping-taxable","14":"purchasable","15":"product-type-simple"},"_links":{"self":[{"href":"https:\/\/www.alltpaettkort.com\/en\/wp-json\/wp\/v2\/product\/41984","targetHints":{"allow":["GET"]}}],"collection":[{"href":"https:\/\/www.alltpaettkort.com\/en\/wp-json\/wp\/v2\/product"}],"about":[{"href":"https:\/\/www.alltpaettkort.com\/en\/wp-json\/wp\/v2\/types\/product"}],"wp:featuredmedia":[{"embeddable":true,"href":"https:\/\/www.alltpaettkort.com\/en\/wp-json\/wp\/v2\/media\/41985"}],"wp:attachment":[{"href":"https:\/\/www.alltpaettkort.com\/en\/wp-json\/wp\/v2\/media?parent=41984"}],"wp:term":[{"taxonomy":"product_brand","embeddable":true,"href":"https:\/\/www.alltpaettkort.com\/en\/wp-json\/wp\/v2\/product_brand?post=41984"},{"taxonomy":"product_cat","embeddable":true,"href":"https:\/\/www.alltpaettkort.com\/en\/wp-json\/wp\/v2\/product_cat?post=41984"},{"taxonomy":"product_tag","embeddable":true,"href":"https:\/\/www.alltpaettkort.com\/en\/wp-json\/wp\/v2\/product_tag?post=41984"}],"curies":[{"name":"wp","href":"https:\/\/api.w.org\/{rel}","templated":true}]}}