{"id":42276,"date":"2020-02-06T11:18:23","date_gmt":"2020-02-06T11:18:23","guid":{"rendered":"https:\/\/www.alltpaettkort.com\/produkt\/ski-tour-biathlon\/"},"modified":"2023-12-15T13:00:29","modified_gmt":"2023-12-15T13:00:29","slug":"ski-tour-biathlon","status":"publish","type":"product","link":"https:\/\/www.alltpaettkort.com\/en\/product\/ski-tour-biathlon\/","title":{"rendered":"Ski Tour: Biathlon"},"content":{"rendered":"<p>The surrounding crowd roars as you enter the shooting range, just a few seconds behind the leading pack. Glancing forward you see the leader straighten his back and take aim. As the first shot flies, you register a hit on the target. Then another hit, then another. hit, hit\u2026<br \/>\nAnd its a miss!<\/p>\n<p>The chase is on, you got enough stamina to make a long sprint for the finish line, but will it be enough to grab the gold?<\/p>\n<p>Welcome to Ski Tour: Biathlon<\/p>\n<p>As a skier representing your nation, do you have the stamina and marksmanship to make it onto the podium? Wax your skies, roll your dice, strategize, hit those targets at the shooting range and be the first to cross that finish line in this heart pumping game of skill, stamina and marksmanship!<\/p>\n<p><strong>F\u00f6r 2-5 spelare<\/strong><br \/>\n<strong>30-85 min speltid<\/strong><br \/>\n<strong>Rekommenderad \u00e5lder: 8 <\/strong><br \/>\n<a href=\"https:\/\/boardgamegeek.com\/boardgame\/239465\/ski-tour-biathlon\"><strong>L\u00e4s mer p\u00e5 Boardgamegeek<\/strong><\/a><\/p>","protected":false},"excerpt":{"rendered":"<p>\u00c4ntligen har vi det svenskutvecklade skidskytte-spelet Ski Tour i lager, som gjorde succ\u00e9 p\u00e5 Kickstarter i h\u00f6stas! Ett smart, sp\u00e4nnande, t\u00e4rningsdrivet spel som verkligen f\u00e5ngar pulsen och sp\u00e4nningen i skidskyttesporten!<\/p>","protected":false},"featured_media":42277,"template":"","meta":[],"product_brand":[],"product_cat":[31,17],"product_tag":[534,444],"class_list":{"0":"post-42276","1":"product","2":"type-product","3":"status-publish","4":"has-post-thumbnail","6":"product_cat-familjespel","7":"product_cat-strategispel","8":"product_tag-familjespeltips","9":"product_tag-tea-time-productions","11":"first","12":"outofstock","13":"taxable","14":"shipping-taxable","15":"purchasable","16":"product-type-simple"},"_links":{"self":[{"href":"https:\/\/www.alltpaettkort.com\/en\/wp-json\/wp\/v2\/product\/42276","targetHints":{"allow":["GET"]}}],"collection":[{"href":"https:\/\/www.alltpaettkort.com\/en\/wp-json\/wp\/v2\/product"}],"about":[{"href":"https:\/\/www.alltpaettkort.com\/en\/wp-json\/wp\/v2\/types\/product"}],"wp:featuredmedia":[{"embeddable":true,"href":"https:\/\/www.alltpaettkort.com\/en\/wp-json\/wp\/v2\/media\/42277"}],"wp:attachment":[{"href":"https:\/\/www.alltpaettkort.com\/en\/wp-json\/wp\/v2\/media?parent=42276"}],"wp:term":[{"taxonomy":"product_brand","embeddable":true,"href":"https:\/\/www.alltpaettkort.com\/en\/wp-json\/wp\/v2\/product_brand?post=42276"},{"taxonomy":"product_cat","embeddable":true,"href":"https:\/\/www.alltpaettkort.com\/en\/wp-json\/wp\/v2\/product_cat?post=42276"},{"taxonomy":"product_tag","embeddable":true,"href":"https:\/\/www.alltpaettkort.com\/en\/wp-json\/wp\/v2\/product_tag?post=42276"}],"curies":[{"name":"wp","href":"https:\/\/api.w.org\/{rel}","templated":true}]}}