{"id":42337,"date":"2020-05-21T08:08:43","date_gmt":"2020-05-21T08:08:43","guid":{"rendered":"https:\/\/www.alltpaettkort.com\/produkt\/chocolate-factory\/"},"modified":"2022-09-24T06:55:55","modified_gmt":"2022-09-24T06:55:55","slug":"chocolate-factory","status":"publish","type":"product","link":"https:\/\/www.alltpaettkort.com\/en\/product\/chocolate-factory\/","title":{"rendered":"Chocolate Factory"},"content":{"rendered":"<p class=\"font_8\">Set in the early 20th century of entrepreneurs and chocolatiers experimenting with new ways to create and market chocolates, YOU are assigned the task of Chief Chocolatier!<\/p>\n<p class=\"font_8\">Compete to run the best Chocolate Factory! Featuring a literal engine (powered by coal), physical conveyor belts to push your tiles through (using double layered player boards), a cast of employees to hire, varied factory parts, and a huge pile of wooden and custom chocolate pieces.<\/p>\n<p class=\"font_8\"><span class=\"wixGuard\">\u200b<\/span>Make the best chocolate you can and sell it all to corner shops and department stores. Earn the most profit to become the champion chocolatier!<\/p>\n<p><strong>F\u00f6r 1-4 spelare<\/strong><br \/>\n<strong>45-90 min speltid<\/strong><br \/>\n<strong>Rekommenderad \u00e5lder: 10 <\/strong><br \/>\n<a href=\"https:\/\/boardgamegeek.com\/boardgame\/240567\/chocolate-factory\"><strong>L\u00e4s mer p\u00e5 Boardgamegeek<\/strong><\/a><\/p>","protected":false},"excerpt":{"rendered":"<p>Ta fram din inre Willy Wonka och f\u00f6rs\u00f6k dig p\u00e5 att driva en chokladfabrik!<\/p>","protected":false},"featured_media":42338,"template":"","meta":[],"product_brand":[],"product_cat":[31,17],"product_tag":[],"class_list":{"0":"post-42337","1":"product","2":"type-product","3":"status-publish","4":"has-post-thumbnail","6":"product_cat-familjespel","7":"product_cat-strategispel","9":"first","10":"outofstock","11":"taxable","12":"shipping-taxable","13":"purchasable","14":"product-type-simple"},"_links":{"self":[{"href":"https:\/\/www.alltpaettkort.com\/en\/wp-json\/wp\/v2\/product\/42337","targetHints":{"allow":["GET"]}}],"collection":[{"href":"https:\/\/www.alltpaettkort.com\/en\/wp-json\/wp\/v2\/product"}],"about":[{"href":"https:\/\/www.alltpaettkort.com\/en\/wp-json\/wp\/v2\/types\/product"}],"wp:featuredmedia":[{"embeddable":true,"href":"https:\/\/www.alltpaettkort.com\/en\/wp-json\/wp\/v2\/media\/42338"}],"wp:attachment":[{"href":"https:\/\/www.alltpaettkort.com\/en\/wp-json\/wp\/v2\/media?parent=42337"}],"wp:term":[{"taxonomy":"product_brand","embeddable":true,"href":"https:\/\/www.alltpaettkort.com\/en\/wp-json\/wp\/v2\/product_brand?post=42337"},{"taxonomy":"product_cat","embeddable":true,"href":"https:\/\/www.alltpaettkort.com\/en\/wp-json\/wp\/v2\/product_cat?post=42337"},{"taxonomy":"product_tag","embeddable":true,"href":"https:\/\/www.alltpaettkort.com\/en\/wp-json\/wp\/v2\/product_tag?post=42337"}],"curies":[{"name":"wp","href":"https:\/\/api.w.org\/{rel}","templated":true}]}}