{"id":42427,"date":"2020-12-03T16:02:49","date_gmt":"2020-12-03T16:02:49","guid":{"rendered":"https:\/\/www.alltpaettkort.com\/produkt\/forgotten-waters\/"},"modified":"2022-12-09T12:56:58","modified_gmt":"2022-12-09T12:56:58","slug":"forgotten-waters","status":"publish","type":"product","link":"https:\/\/www.alltpaettkort.com\/en\/product\/forgotten-waters\/","title":{"rendered":"Forgotten Waters"},"content":{"rendered":"<p><em><strong>Forgotten Waters<\/strong><\/em> is a Crossroads Game set in a world of fantastical pirate adventure. In it, players take on the role of pirates sailing together on a ship, attempting to further their own personal stories as well as a common goal.<\/p>\n<p>The world of <em>Forgotten Waters<\/em> is silly and magical, with stories designed to encourage players to explore and laugh in delight as they interact with the world around them. It&#8217;s a game in which every choice can leave a lasting impact on the story, and players will want turn over every rock just to see what they find.<\/p>\n<p><em>Forgotten Waters<\/em> features five scenarios and a massive location book that provides players with tons of choices wherever they go.<\/p>\n<p><strong>F\u00f6r 3-7 spelare<\/strong><br \/>\n<strong>120-240 min speltid<\/strong><br \/>\n<strong>Rekommenderad \u00e5lder: 14 <\/strong><br \/>\n<strong>L\u00e4s mer p\u00e5 Boardgamegeek<\/strong><\/p>","protected":false},"excerpt":{"rendered":"<p>Nytt hyllat crossroads-spel d\u00e4r spelarna axlar rollerna som pirater som seglar ett skepp tillsammans! Baserat p\u00e5 samma \u00e4lskade spelsystem som Dead of Winter!<\/p>","protected":false},"featured_media":42428,"template":"","meta":[],"product_brand":[],"product_cat":[34,17],"product_tag":[78],"class_list":{"0":"post-42427","1":"product","2":"type-product","3":"status-publish","4":"has-post-thumbnail","6":"product_cat-aventyrsspel","7":"product_cat-strategispel","8":"product_tag-plaid-hat-games","10":"first","11":"outofstock","12":"taxable","13":"shipping-taxable","14":"purchasable","15":"product-type-simple"},"_links":{"self":[{"href":"https:\/\/www.alltpaettkort.com\/en\/wp-json\/wp\/v2\/product\/42427","targetHints":{"allow":["GET"]}}],"collection":[{"href":"https:\/\/www.alltpaettkort.com\/en\/wp-json\/wp\/v2\/product"}],"about":[{"href":"https:\/\/www.alltpaettkort.com\/en\/wp-json\/wp\/v2\/types\/product"}],"wp:featuredmedia":[{"embeddable":true,"href":"https:\/\/www.alltpaettkort.com\/en\/wp-json\/wp\/v2\/media\/42428"}],"wp:attachment":[{"href":"https:\/\/www.alltpaettkort.com\/en\/wp-json\/wp\/v2\/media?parent=42427"}],"wp:term":[{"taxonomy":"product_brand","embeddable":true,"href":"https:\/\/www.alltpaettkort.com\/en\/wp-json\/wp\/v2\/product_brand?post=42427"},{"taxonomy":"product_cat","embeddable":true,"href":"https:\/\/www.alltpaettkort.com\/en\/wp-json\/wp\/v2\/product_cat?post=42427"},{"taxonomy":"product_tag","embeddable":true,"href":"https:\/\/www.alltpaettkort.com\/en\/wp-json\/wp\/v2\/product_tag?post=42427"}],"curies":[{"name":"wp","href":"https:\/\/api.w.org\/{rel}","templated":true}]}}