{"id":42482,"date":"2020-04-05T12:23:56","date_gmt":"2020-04-05T12:23:56","guid":{"rendered":"https:\/\/www.alltpaettkort.com\/produkt\/gloomhaven-jaws-of-the-lion\/"},"modified":"2023-10-03T08:40:31","modified_gmt":"2023-10-03T08:40:31","slug":"gloomhaven-jaws-of-the-lion","status":"publish","type":"product","link":"https:\/\/www.alltpaettkort.com\/en\/product\/gloomhaven-jaws-of-the-lion\/","title":{"rendered":"Gloomhaven: Jaws of the Lion"},"content":{"rendered":"<p><em><strong>Gloomhaven: Jaws of the Lion<\/strong><\/em> is a standalone game that takes place before the events of <em>Gloomhaven<\/em>. The game includes four new characters \u2014 Valrath Red Guard (tank, crowd control), Inox Hatchet (ranged damage), Human Voidwarden (support, mind-control), and Quatryl Demolitionist (melee damage, obstacle manipulation) \u2014 that can also be used in the original <em>Gloomhaven<\/em> game.<\/p>\n<p>The game also includes 16 monster types (including seven new standard monsters and three new bosses) and a new campaign with 25 scenarios that invites the heroes to investigate a case of mysterious disappearances within the city. Is it the work of Vermlings, or is something far more sinister going on?<\/p>\n<p><em>Gloomhaven: Jaws of the Lion<\/em> is aimed at a more casual audience to get people into the gameplay more quickly. All of the hard-to-organize cardboard map tiles have been removed, and instead players will play on the scenario book itself, which features new artwork unique to each scenario. The last barrier to entry \u2014 i.e., learning the game \u2014 has also been lowered through a simplified rule set and a five-scenario tutorial that will ease new players into the experience.<\/p>\n<p><strong>F\u00f6r 1-4 spelare<\/strong><br \/>\n<strong>30-120 min speltid<\/strong><br \/>\n<strong>Rekommenderad \u00e5lder: 12 <\/strong><br \/>\n<strong><a href=\"https:\/\/boardgamegeek.com\/boardgame\/291457\/gloomhaven-jaws-lion\">L\u00e4s mer p\u00e5 Boardgamegeek<\/a><\/strong><\/p>","protected":false},"excerpt":{"rendered":"<p>Ett nytt frist\u00e5ende Gloomhaven-spel som bjuder p\u00e5 nya \u00e4ventyr i en rafflande kampanj p\u00e5 25 scenarios! Perfekt f\u00f6r alla som vill s\u00e4tta t\u00e4nderna i \u00a0Gloomhaven och fortfarande f\u00e5 en mustig upplevelse, utan att g\u00f6ra Gloomhaven-spelandet till ett halvtidsjobb&#8230;<\/p>","protected":false},"featured_media":47235,"template":"","meta":[],"product_brand":[],"product_cat":[34,17],"product_tag":[325],"class_list":{"0":"post-42482","1":"product","2":"type-product","3":"status-publish","4":"has-post-thumbnail","6":"product_cat-aventyrsspel","7":"product_cat-strategispel","8":"product_tag-cephalofair-games","10":"first","11":"outofstock","12":"taxable","13":"shipping-taxable","14":"purchasable","15":"product-type-simple"},"_links":{"self":[{"href":"https:\/\/www.alltpaettkort.com\/en\/wp-json\/wp\/v2\/product\/42482","targetHints":{"allow":["GET"]}}],"collection":[{"href":"https:\/\/www.alltpaettkort.com\/en\/wp-json\/wp\/v2\/product"}],"about":[{"href":"https:\/\/www.alltpaettkort.com\/en\/wp-json\/wp\/v2\/types\/product"}],"wp:featuredmedia":[{"embeddable":true,"href":"https:\/\/www.alltpaettkort.com\/en\/wp-json\/wp\/v2\/media\/47235"}],"wp:attachment":[{"href":"https:\/\/www.alltpaettkort.com\/en\/wp-json\/wp\/v2\/media?parent=42482"}],"wp:term":[{"taxonomy":"product_brand","embeddable":true,"href":"https:\/\/www.alltpaettkort.com\/en\/wp-json\/wp\/v2\/product_brand?post=42482"},{"taxonomy":"product_cat","embeddable":true,"href":"https:\/\/www.alltpaettkort.com\/en\/wp-json\/wp\/v2\/product_cat?post=42482"},{"taxonomy":"product_tag","embeddable":true,"href":"https:\/\/www.alltpaettkort.com\/en\/wp-json\/wp\/v2\/product_tag?post=42482"}],"curies":[{"name":"wp","href":"https:\/\/api.w.org\/{rel}","templated":true}]}}