{"id":42530,"date":"2020-01-11T14:24:31","date_gmt":"2020-01-11T14:24:31","guid":{"rendered":"https:\/\/www.alltpaettkort.com\/produkt\/meeple-pack-2\/"},"modified":"2022-01-13T08:39:03","modified_gmt":"2022-01-13T08:39:03","slug":"meeple-pack-2","status":"publish","type":"product","link":"https:\/\/www.alltpaettkort.com\/en\/product\/meeple-pack-2\/","title":{"rendered":"Meeple Pack #2"},"content":{"rendered":"<p>Includes the following components:<\/p>\n<p>7 x Purple Translucent Mini-Meeples<br \/>\n7 x Orange Translucent Mini-Meeples<br \/>\n7 x Azur Blue Translucent Mini-Meeples<br \/>\n7 x Pink Translucent Mini-Meeples<br \/>\n7 x Lime Green Translucent Mini-Meeples<\/p>","protected":false},"excerpt":{"rendered":"<p>Finfina sm\u00e5 agenter i akryl till i alternativa f\u00e4rger (rosa, lila, ljusgr\u00f6n, azurbl\u00e5 &amp; orange) att anv\u00e4nda f\u00f6r att piffa upp spel eller anv\u00e4nda i egna projekt!<\/p>","protected":false},"featured_media":42531,"template":"","meta":[],"product_brand":[],"product_cat":[103],"product_tag":[489],"class_list":{"0":"post-42530","1":"product","2":"type-product","3":"status-publish","4":"has-post-thumbnail","6":"product_cat-tillbehor","7":"product_tag-all-or-none-games","9":"first","10":"instock","11":"taxable","12":"shipping-taxable","13":"purchasable","14":"product-type-simple"},"_links":{"self":[{"href":"https:\/\/www.alltpaettkort.com\/en\/wp-json\/wp\/v2\/product\/42530","targetHints":{"allow":["GET"]}}],"collection":[{"href":"https:\/\/www.alltpaettkort.com\/en\/wp-json\/wp\/v2\/product"}],"about":[{"href":"https:\/\/www.alltpaettkort.com\/en\/wp-json\/wp\/v2\/types\/product"}],"wp:featuredmedia":[{"embeddable":true,"href":"https:\/\/www.alltpaettkort.com\/en\/wp-json\/wp\/v2\/media\/42531"}],"wp:attachment":[{"href":"https:\/\/www.alltpaettkort.com\/en\/wp-json\/wp\/v2\/media?parent=42530"}],"wp:term":[{"taxonomy":"product_brand","embeddable":true,"href":"https:\/\/www.alltpaettkort.com\/en\/wp-json\/wp\/v2\/product_brand?post=42530"},{"taxonomy":"product_cat","embeddable":true,"href":"https:\/\/www.alltpaettkort.com\/en\/wp-json\/wp\/v2\/product_cat?post=42530"},{"taxonomy":"product_tag","embeddable":true,"href":"https:\/\/www.alltpaettkort.com\/en\/wp-json\/wp\/v2\/product_tag?post=42530"}],"curies":[{"name":"wp","href":"https:\/\/api.w.org\/{rel}","templated":true}]}}