{"id":42703,"date":"2020-05-08T11:47:13","date_gmt":"2020-05-08T11:47:13","guid":{"rendered":"https:\/\/www.alltpaettkort.com\/produkt\/no-thanks\/"},"modified":"2022-01-13T08:39:14","modified_gmt":"2022-01-13T08:39:14","slug":"no-thanks","status":"publish","type":"product","link":"https:\/\/www.alltpaettkort.com\/en\/product\/no-thanks\/","title":{"rendered":"No Thanks!"},"content":{"rendered":"<p><em><strong>No Thanks!<\/strong><\/em> is a card game designed to be as simple as it is engaging.<\/p>\n<p>The rules are simple. Each turn, players have two options:<\/p>\n<ul>\n<li>play one of their chips to avoid picking up the current face-up card<\/li>\n<li>pick up the face-up card (along with any chips that have already been played on that card) and turn over the next card<\/li>\n<\/ul>\n<p>However, the choices aren&#8217;t so easy as players compete to have the lowest score at the end of the game. The deck of cards is numbered from 3 to 35, with each card counting for a number of points equal to its face value. Runs of two or more cards only count as the lowest value in the run &#8211; but nine cards are removed from the deck before starting, so be careful looking for connectors. Each chip is worth -1 point, but they can be even more valuable by allowing you to avoid drawing that unwanted card.<\/p>\n<p>The first versions of the game supported up to five players, but a 2011 edition supports up to seven.<\/p>\n<p>This game was originally published in Germany by Amigo as <strong>Geschenkt &#8230;ist noch zu teuer!<\/strong>, meaning <em>Even given as a gift, it is still too expensive!<\/em>. Amigo&#8217;s international edition, titled <strong>No Merci!<\/strong> (a delightful multi-lingual pun), had rules in several languages, including English. The game has subsequently been released in other countries under an assortment of names.<\/p>\n<p><strong>F\u00f6r 3-7 spelare<\/strong><br \/>\n<strong>20 min speltid<\/strong><br \/>\n<strong>Rekommenderad \u00e5lder: 8 <\/strong><br \/>\n<a href=\"https:\/\/boardgamegeek.com\/boardgame\/12942\/no-thanks\"><strong>L\u00e4s mer p\u00e5 Boardgamegeek<\/strong><\/a><\/p>","protected":false},"excerpt":{"rendered":"<p>Enkelt och beroendeframkallande spel d\u00e4r spelarna t\u00e4vlar om att ha l\u00e4gst po\u00e4ng i slutet av spelet! OBS. Reglerna som f\u00f6ljer med \u00e4r p\u00e5 danska och norska, men spelet \u00e4r l\u00e4tt att f\u00f6rst\u00e5 och engelska regler <a href=\"https:\/\/www.amigo.games\/content\/ap\/rule\/18414--014-NoThanks-Manual_001-LAYOUT.pdf\">hittas h\u00e4r!<\/a><\/p>","protected":false},"featured_media":42704,"template":"","meta":[],"product_brand":[],"product_cat":[31,63,30],"product_tag":[531],"class_list":{"0":"post-42703","1":"product","2":"type-product","3":"status-publish","4":"has-post-thumbnail","6":"product_cat-familjespel","7":"product_cat-kortspel","8":"product_cat-sallskapsspel","9":"product_tag-amigo","11":"first","12":"outofstock","13":"taxable","14":"shipping-taxable","15":"purchasable","16":"product-type-simple"},"_links":{"self":[{"href":"https:\/\/www.alltpaettkort.com\/en\/wp-json\/wp\/v2\/product\/42703","targetHints":{"allow":["GET"]}}],"collection":[{"href":"https:\/\/www.alltpaettkort.com\/en\/wp-json\/wp\/v2\/product"}],"about":[{"href":"https:\/\/www.alltpaettkort.com\/en\/wp-json\/wp\/v2\/types\/product"}],"wp:featuredmedia":[{"embeddable":true,"href":"https:\/\/www.alltpaettkort.com\/en\/wp-json\/wp\/v2\/media\/42704"}],"wp:attachment":[{"href":"https:\/\/www.alltpaettkort.com\/en\/wp-json\/wp\/v2\/media?parent=42703"}],"wp:term":[{"taxonomy":"product_brand","embeddable":true,"href":"https:\/\/www.alltpaettkort.com\/en\/wp-json\/wp\/v2\/product_brand?post=42703"},{"taxonomy":"product_cat","embeddable":true,"href":"https:\/\/www.alltpaettkort.com\/en\/wp-json\/wp\/v2\/product_cat?post=42703"},{"taxonomy":"product_tag","embeddable":true,"href":"https:\/\/www.alltpaettkort.com\/en\/wp-json\/wp\/v2\/product_tag?post=42703"}],"curies":[{"name":"wp","href":"https:\/\/api.w.org\/{rel}","templated":true}]}}