{"id":42727,"date":"2021-12-01T09:48:45","date_gmt":"2021-12-01T09:48:45","guid":{"rendered":"https:\/\/www.alltpaettkort.com\/produkt\/eclipse-second-dawn-for-the-galaxy\/"},"modified":"2022-07-20T11:00:12","modified_gmt":"2022-07-20T11:00:12","slug":"eclipse-second-dawn-for-the-galaxy","status":"publish","type":"product","link":"https:\/\/www.alltpaettkort.com\/en\/product\/eclipse-second-dawn-for-the-galaxy\/","title":{"rendered":"Eclipse: Second Dawn for the Galaxy"},"content":{"rendered":"<p>A game of <em><strong>Eclipse<\/strong><\/em> places you in control of a vast interstellar civilization, competing for success with its rivals. You explore new star systems, research technologies, and build spaceships with which to wage war. There are many potential paths to victory, so you need to plan your strategy according to the strengths and weaknesses of your species, while paying attention to the other civilizations&#8217; endeavors.<\/p>\n<p><em><strong>Eclipse: Second Dawn for the Galaxy<\/strong><\/em> is a revised and upgraded version of the <em>Eclipse<\/em>base game that debuted in 2011 that features:<\/p>\n<ul>\n<li>New graphic design, while maintaining the acclaimed symbology of the first edition<\/li>\n<li>A full line of <em>Ship Pack 1<\/em> miniatures<\/li>\n<li>New miniatures for ancients, GCDS, orbitals, and more<\/li>\n<li>Custom plastic inlays<\/li>\n<li>Custom combat dice<\/li>\n<li>Fine-tuned gameplay<\/li>\n<\/ul>\n<p><strong>F\u00f6r 2-6 spelare<\/strong><br \/>\n<strong>60-200 min speltid<\/strong><br \/>\n<strong>Rekommenderad \u00e5lder: 14 <\/strong><strong><a href=\"http:\/\/dl.dropbox.com\/u\/5496950\/Eclipse-rules\/Eclipse_rules_EN_compr.pdf\" target=\"_blank\" rel=\"noopener noreferrer\"><br \/>\n<\/a><a href=\"http:\/\/boardgamegeek.com\/boardgame\/72125\/eclipse\" target=\"_blank\" rel=\"noopener noreferrer\">L\u00e4s mer p\u00e5 Boardgamegeek<\/a><\/strong><\/p>","protected":false},"excerpt":{"rendered":"<p>Ny magnifik och p\u00e5kostad utg\u00e5va av det \u00e4lskade Eclipse, det episka 4X rymdstrategispelet som \u00e4r fullt spelbart under en afton! Ett m\u00e5ste f\u00f6r alla som dr\u00f6mmer om att kolonisera rymden och bombardera rymdskepp och fortfarande hinna till s\u00e4ngs f\u00f6r att g\u00e5 upp till jobbet dagen efter.<\/p>","protected":false},"featured_media":42728,"template":"","meta":[],"product_brand":[],"product_cat":[17],"product_tag":[33,97,19],"class_list":{"0":"post-42727","1":"product","2":"type-product","3":"status-publish","4":"has-post-thumbnail","6":"product_cat-strategispel","7":"product_tag-eclipse","8":"product_tag-lautapelit","9":"product_tag-sci-fi","11":"first","12":"outofstock","13":"featured","14":"taxable","15":"shipping-taxable","16":"purchasable","17":"product-type-simple"},"_links":{"self":[{"href":"https:\/\/www.alltpaettkort.com\/en\/wp-json\/wp\/v2\/product\/42727","targetHints":{"allow":["GET"]}}],"collection":[{"href":"https:\/\/www.alltpaettkort.com\/en\/wp-json\/wp\/v2\/product"}],"about":[{"href":"https:\/\/www.alltpaettkort.com\/en\/wp-json\/wp\/v2\/types\/product"}],"wp:featuredmedia":[{"embeddable":true,"href":"https:\/\/www.alltpaettkort.com\/en\/wp-json\/wp\/v2\/media\/42728"}],"wp:attachment":[{"href":"https:\/\/www.alltpaettkort.com\/en\/wp-json\/wp\/v2\/media?parent=42727"}],"wp:term":[{"taxonomy":"product_brand","embeddable":true,"href":"https:\/\/www.alltpaettkort.com\/en\/wp-json\/wp\/v2\/product_brand?post=42727"},{"taxonomy":"product_cat","embeddable":true,"href":"https:\/\/www.alltpaettkort.com\/en\/wp-json\/wp\/v2\/product_cat?post=42727"},{"taxonomy":"product_tag","embeddable":true,"href":"https:\/\/www.alltpaettkort.com\/en\/wp-json\/wp\/v2\/product_tag?post=42727"}],"curies":[{"name":"wp","href":"https:\/\/api.w.org\/{rel}","templated":true}]}}