{"id":42801,"date":"2020-09-18T19:53:07","date_gmt":"2020-09-18T19:53:07","guid":{"rendered":"https:\/\/www.alltpaettkort.com\/produkt\/pendulum\/"},"modified":"2022-11-25T12:13:04","modified_gmt":"2022-11-25T12:13:04","slug":"pendulum","status":"publish","type":"product","link":"https:\/\/www.alltpaettkort.com\/en\/product\/pendulum\/","title":{"rendered":"Pendulum"},"content":{"rendered":"<p>Pendulum is a turnless, worker placement, time-optimization game for 1-5 players. It was the highest-rated protoype in the history of the Stonemaier Games Design Day.<\/p>\n<p>In Pendulum, each player is a powerful, unique noble vying to succeed the Timeless King as the true ruler of D\u00fcnya. Players command their workers, execute stratagems, and expand the provinces in their domain in real time to gain resources and move up the 4 victory tracks: power, prestige, popularity, and legendary achievement.<br \/>\nPlayers must use actual time as a resource in managing their strategy to best their opponents, using time on different action types and balancing it with time spent planning and analyzing. The winner will be the player who manages and invests their time most effectively, not the player who acts the quickest.<\/p>\n<p><strong>F\u00f6r 1-5 spelare<\/strong><br \/>\n<strong>60-90 min speltid<\/strong><br \/>\n<strong>Rekommenderad \u00e5lder: 12 <\/strong><br \/>\n<a href=\"https:\/\/boardgamegeek.com\/boardgame\/312804\/pendulum\"><strong>L\u00e4s mer p\u00e5 Boardgamegeek<\/strong><\/a><\/p>","protected":false},"excerpt":{"rendered":"<p>Nytt fascinerande worker placment-spel fr\u00e5n Stonemaier Games d\u00e4r spelarna utf\u00f6r sina handlingar samtidigt genom att aktivera olika timglas!<\/p>","protected":false},"featured_media":42802,"template":"","meta":[],"product_brand":[],"product_cat":[112,17],"product_tag":[263],"class_list":{"0":"post-42801","1":"product","2":"type-product","3":"status-publish","4":"has-post-thumbnail","6":"product_cat-rea","7":"product_cat-strategispel","8":"product_tag-stonemaier-games","10":"first","11":"instock","12":"sale","13":"taxable","14":"shipping-taxable","15":"purchasable","16":"product-type-simple"},"_links":{"self":[{"href":"https:\/\/www.alltpaettkort.com\/en\/wp-json\/wp\/v2\/product\/42801","targetHints":{"allow":["GET"]}}],"collection":[{"href":"https:\/\/www.alltpaettkort.com\/en\/wp-json\/wp\/v2\/product"}],"about":[{"href":"https:\/\/www.alltpaettkort.com\/en\/wp-json\/wp\/v2\/types\/product"}],"wp:featuredmedia":[{"embeddable":true,"href":"https:\/\/www.alltpaettkort.com\/en\/wp-json\/wp\/v2\/media\/42802"}],"wp:attachment":[{"href":"https:\/\/www.alltpaettkort.com\/en\/wp-json\/wp\/v2\/media?parent=42801"}],"wp:term":[{"taxonomy":"product_brand","embeddable":true,"href":"https:\/\/www.alltpaettkort.com\/en\/wp-json\/wp\/v2\/product_brand?post=42801"},{"taxonomy":"product_cat","embeddable":true,"href":"https:\/\/www.alltpaettkort.com\/en\/wp-json\/wp\/v2\/product_cat?post=42801"},{"taxonomy":"product_tag","embeddable":true,"href":"https:\/\/www.alltpaettkort.com\/en\/wp-json\/wp\/v2\/product_tag?post=42801"}],"curies":[{"name":"wp","href":"https:\/\/api.w.org\/{rel}","templated":true}]}}