{"id":42939,"date":"2020-09-08T13:51:16","date_gmt":"2020-09-08T13:51:16","guid":{"rendered":"https:\/\/www.alltpaettkort.com\/produkt\/escape-the-dark-sector\/"},"modified":"2022-01-13T08:39:18","modified_gmt":"2022-01-13T08:39:18","slug":"escape-the-dark-sector","status":"publish","type":"product","link":"https:\/\/www.alltpaettkort.com\/en\/product\/escape-the-dark-sector\/","title":{"rendered":"Escape the Dark Sector"},"content":{"rendered":"<p>The second game in the <em>Escape the Dark<\/em> series, <em><strong>Escape the Dark Sector\u00a0<\/strong><\/em>is a simple, sci-fi adventure game with a focus on atmosphere, storytelling and player cooperation \u2013 perfect for newcomers to tabletop gaming. It takes about 2 minutes to set up, lasts around 45 minutes, and no two games are ever the same.<\/p>\n<p>Playing as the beleaguered crew of an impounded starship, players find themselves confined to the detention block of a vast space station. Using a variety of advanced gear and weaponry, they will embark on a desperate mission to find their ship and blast their way home.<\/p>\n<p>Along the way, the crew will have to overcome a variety of dangers, traps, and terrors. From cyborg guards and faulty replicators to killer alien organisms, each challenge is represented by a large, beautifully illustrated chapter card.<\/p>\n<p>As these immersive chapter cards are revealed one by one, the game takes on the form of a shared storybook experience, with the players making decisions about what to do each chapter before using a combination of dice and item cards to complete the task before them.<\/p>\n<p>The goal of the game is to complete every chapter, and then defeat the final boss. To win, you must keep each member of the crew alive; if any player is killed, the game ends immediately!<\/p>\n<p><strong>F\u00f6r 1-4 spelare<\/strong><br \/>\n<strong>20-60 min speltid<\/strong><br \/>\n<a href=\"https:\/\/boardgamegeek.com\/boardgame\/280748\/escape-dark-sector\"><strong>L\u00e4s mer p\u00e5 Boardgamegeek<\/strong><\/a><\/p>","protected":false},"excerpt":{"rendered":"<p>Ett atmosf\u00e4riskt sci-fi-\u00e4ventyrsspel fr\u00e5n g\u00e4nget bakom Escape the Dark Castle med samma sk\u00f6na retro-osande monokroma estetik!<\/p>","protected":false},"featured_media":42940,"template":"","meta":[],"product_brand":[],"product_cat":[16,34],"product_tag":[539],"class_list":{"0":"post-42939","1":"product","2":"type-product","3":"status-publish","4":"has-post-thumbnail","6":"product_cat-ameritrash","7":"product_cat-aventyrsspel","8":"product_tag-themeborne-ltd","10":"first","11":"outofstock","12":"taxable","13":"shipping-taxable","14":"purchasable","15":"product-type-simple"},"_links":{"self":[{"href":"https:\/\/www.alltpaettkort.com\/en\/wp-json\/wp\/v2\/product\/42939","targetHints":{"allow":["GET"]}}],"collection":[{"href":"https:\/\/www.alltpaettkort.com\/en\/wp-json\/wp\/v2\/product"}],"about":[{"href":"https:\/\/www.alltpaettkort.com\/en\/wp-json\/wp\/v2\/types\/product"}],"wp:featuredmedia":[{"embeddable":true,"href":"https:\/\/www.alltpaettkort.com\/en\/wp-json\/wp\/v2\/media\/42940"}],"wp:attachment":[{"href":"https:\/\/www.alltpaettkort.com\/en\/wp-json\/wp\/v2\/media?parent=42939"}],"wp:term":[{"taxonomy":"product_brand","embeddable":true,"href":"https:\/\/www.alltpaettkort.com\/en\/wp-json\/wp\/v2\/product_brand?post=42939"},{"taxonomy":"product_cat","embeddable":true,"href":"https:\/\/www.alltpaettkort.com\/en\/wp-json\/wp\/v2\/product_cat?post=42939"},{"taxonomy":"product_tag","embeddable":true,"href":"https:\/\/www.alltpaettkort.com\/en\/wp-json\/wp\/v2\/product_tag?post=42939"}],"curies":[{"name":"wp","href":"https:\/\/api.w.org\/{rel}","templated":true}]}}