{"id":42980,"date":"2020-09-13T18:24:44","date_gmt":"2020-09-13T18:24:44","guid":{"rendered":"https:\/\/www.alltpaettkort.com\/produkt\/root-the-clockwork-expansion\/"},"modified":"2023-12-19T09:09:18","modified_gmt":"2023-12-19T09:09:18","slug":"root-the-clockwork-expansion","status":"publish","type":"product","link":"https:\/\/www.alltpaettkort.com\/en\/product\/root-the-clockwork-expansion\/","title":{"rendered":"Root: The Clockwork Expansion"},"content":{"rendered":"<p><em><strong>Root: The Clockwork Expansion<\/strong><\/em> allows players to square off against four fiendishly automated factions. Insert a faction to round out a low-player count game or team up for co-operative play! Compete against the:<\/p>\n<ul>\n<li>Mechanical Marquise 2.0 &#8211; Dodge her marauding patrols as you try to stop her from completing her building tracks.<\/li>\n<\/ul>\n<ul>\n<li>Electric Eyrie: Shore up the Woodland&#8217;s defenses against this fearsome invader. If they go unchallenged, the Woodland will soon be flooded with their forces.<\/li>\n<\/ul>\n<ul>\n<li>Automated Alliance &#8211; Police these radicals and raze their bases before a little uprising turns into a massive rebellion.<\/li>\n<\/ul>\n<ul>\n<li>Vagabot &#8211; Hunt the dastardly Vagabot across the many clearings of the game or attempt to court him with items.<\/li>\n<\/ul>\n<p><strong><a href=\"https:\/\/boardgamegeek.com\/boardgameexpansion\/287220\/root-clockwork-expansion\">L\u00e4s mer p\u00e5 Boardgamegeek<\/a><\/strong><\/p>","protected":false},"excerpt":{"rendered":"<p>Expansion med 4 automatiserade faktioner! Perfekt f\u00f6r att f\u00e5 upp spelarantalet eller f\u00f6r att co-oppa!<\/p>","protected":false},"featured_media":42981,"template":"","meta":[],"product_brand":[],"product_cat":[43],"product_tag":[415,486],"class_list":{"0":"post-42980","1":"product","2":"type-product","3":"status-publish","4":"has-post-thumbnail","6":"product_cat-expansion","7":"product_tag-leder-games","8":"product_tag-root","10":"first","11":"outofstock","12":"taxable","13":"shipping-taxable","14":"purchasable","15":"product-type-simple"},"_links":{"self":[{"href":"https:\/\/www.alltpaettkort.com\/en\/wp-json\/wp\/v2\/product\/42980","targetHints":{"allow":["GET"]}}],"collection":[{"href":"https:\/\/www.alltpaettkort.com\/en\/wp-json\/wp\/v2\/product"}],"about":[{"href":"https:\/\/www.alltpaettkort.com\/en\/wp-json\/wp\/v2\/types\/product"}],"wp:featuredmedia":[{"embeddable":true,"href":"https:\/\/www.alltpaettkort.com\/en\/wp-json\/wp\/v2\/media\/42981"}],"wp:attachment":[{"href":"https:\/\/www.alltpaettkort.com\/en\/wp-json\/wp\/v2\/media?parent=42980"}],"wp:term":[{"taxonomy":"product_brand","embeddable":true,"href":"https:\/\/www.alltpaettkort.com\/en\/wp-json\/wp\/v2\/product_brand?post=42980"},{"taxonomy":"product_cat","embeddable":true,"href":"https:\/\/www.alltpaettkort.com\/en\/wp-json\/wp\/v2\/product_cat?post=42980"},{"taxonomy":"product_tag","embeddable":true,"href":"https:\/\/www.alltpaettkort.com\/en\/wp-json\/wp\/v2\/product_tag?post=42980"}],"curies":[{"name":"wp","href":"https:\/\/api.w.org\/{rel}","templated":true}]}}