{"id":43085,"date":"2019-10-08T14:39:38","date_gmt":"2019-10-08T14:39:38","guid":{"rendered":"https:\/\/www.alltpaettkort.com\/produkt\/pandemic-new-edition-2\/"},"modified":"2024-05-10T12:42:47","modified_gmt":"2024-05-10T12:42:47","slug":"pandemic-new-edition-2","status":"publish","type":"product","link":"https:\/\/www.alltpaettkort.com\/en\/product\/pandemic-new-edition-2\/","title":{"rendered":"Pandemic New Edition"},"content":{"rendered":"<p>After five years of Pandemic, hundreds of thousands of players have been contracted the virus! To celebrate this milestone, Pandemic has been completely re-designed. With new artwork by Chris Quilliams (Clash of Cultures, Merchants &amp; Marauders), Pandemic will now have a more modern look, inside and outside the box. With two new characters: the Contingency Planner and the Quarantine Specialist, face the game in ways you never thought possible. Brand new challenges are waiting for you!<\/p>\n<p>Becoming researchers and doctors has really hit a cord with players from all around the world. The idea that popped into Matt Leacock\u2019s head one day has now spread like a virus, faster than he had ever anticipated. Pandemic is one of the most successful games of the new game generation and the reference when it comes to co-op games. Since its release, Pandemic has sold hundreds of thousands of copies worldwide, and has been translated into 14 languages<\/p>\n<p><strong>F\u00f6r 2-4 spelare<\/strong><br \/>\n<strong>60 min speltid<\/strong><br \/>\n<strong>Rekommenderad \u00e5lder: 10 <\/strong><br \/>\n<strong><a href=\"http:\/\/www.zmangames.com\/boardgames\/files\/pandemic\/Pandemic_Rules.pdf\" target=\"_blank\" rel=\"noopener noreferrer\">Spelets regler<\/a><a href=\"http:\/\/boardgamegeek.com\/boardgame\/30549\/pandemic\" target=\"_blank\" rel=\"noopener noreferrer\"><br \/>\nL\u00e4s mer p\u00e5 Boardgamegeek<\/a><\/strong><\/p>","protected":false},"excerpt":{"rendered":"<p>Ny utg\u00e5va med tv\u00e5 helt nya roller och tjusiga komponenter av ett av v\u00e4rldens mest \u00e4lskade samarbetsspel d\u00e4r spelarna tillsammans hindrar d\u00f6dliga virus fr\u00e5n att utpl\u00e5na m\u00e4nskligheten! Svensk utg\u00e5va.<em><br \/>\n<\/em><\/p>","protected":false},"featured_media":43086,"template":"","meta":[],"product_brand":[],"product_cat":[31,17],"product_tag":[25,97,187],"class_list":{"0":"post-43085","1":"product","2":"type-product","3":"status-publish","4":"has-post-thumbnail","6":"product_cat-familjespel","7":"product_cat-strategispel","8":"product_tag-co-op","9":"product_tag-lautapelit","10":"product_tag-pandemic","12":"first","13":"outofstock","14":"taxable","15":"shipping-taxable","16":"purchasable","17":"product-type-simple"},"_links":{"self":[{"href":"https:\/\/www.alltpaettkort.com\/en\/wp-json\/wp\/v2\/product\/43085","targetHints":{"allow":["GET"]}}],"collection":[{"href":"https:\/\/www.alltpaettkort.com\/en\/wp-json\/wp\/v2\/product"}],"about":[{"href":"https:\/\/www.alltpaettkort.com\/en\/wp-json\/wp\/v2\/types\/product"}],"wp:featuredmedia":[{"embeddable":true,"href":"https:\/\/www.alltpaettkort.com\/en\/wp-json\/wp\/v2\/media\/43086"}],"wp:attachment":[{"href":"https:\/\/www.alltpaettkort.com\/en\/wp-json\/wp\/v2\/media?parent=43085"}],"wp:term":[{"taxonomy":"product_brand","embeddable":true,"href":"https:\/\/www.alltpaettkort.com\/en\/wp-json\/wp\/v2\/product_brand?post=43085"},{"taxonomy":"product_cat","embeddable":true,"href":"https:\/\/www.alltpaettkort.com\/en\/wp-json\/wp\/v2\/product_cat?post=43085"},{"taxonomy":"product_tag","embeddable":true,"href":"https:\/\/www.alltpaettkort.com\/en\/wp-json\/wp\/v2\/product_tag?post=43085"}],"curies":[{"name":"wp","href":"https:\/\/api.w.org\/{rel}","templated":true}]}}