{"id":43146,"date":"2020-10-26T11:00:38","date_gmt":"2020-10-26T11:00:38","guid":{"rendered":"https:\/\/www.alltpaettkort.com\/produkt\/the-isle-of-cats\/"},"modified":"2022-01-13T08:39:28","modified_gmt":"2022-01-13T08:39:28","slug":"the-isle-of-cats","status":"publish","type":"product","link":"https:\/\/www.alltpaettkort.com\/en\/product\/the-isle-of-cats\/","title":{"rendered":"The Isle of Cats"},"content":{"rendered":"<p><em><strong>The Isle of Cats<\/strong><\/em> is a competitive, medium-weight, card-drafting, polyomino cat-placement board game for 1-4 players (6 with expansions).<\/p>\n<p>You are citizens of Squalls End on a rescue mission to The Isle of Cats and must rescue as many cats as possible before the evil Lord Vesh arrives. Each cat is represented by a unique tile and belongs to a family, you must find a way to make them all fit on your boat while keeping families together.<\/p>\n<p>You will also need to manage resources as you:<\/p>\n<ul>\n<li>Explore the island (by drafting cards)<\/li>\n<li>Rescue cats<\/li>\n<li>Find treasures<\/li>\n<li>Befriend Oshax<\/li>\n<li>Study ancient lessons<\/li>\n<\/ul>\n<p>Each lesson you collect will give you another personal way of scoring points, and there are 38 unique lessons available.<\/p>\n<p>Complete lessons, fill your boat, and keep cat families together to score points, the winner will be the player with the most points after five rounds.<\/p>\n<p><strong>F\u00f6r 1-4 spelare<\/strong><br \/>\n<strong>60-90 min speltid<\/strong><br \/>\n<strong>Rekommenderad \u00e5lder: 8 <\/strong><br \/>\n<a href=\"https:\/\/boardgamegeek.com\/boardgame\/281259\/isle-cats\"><strong>L\u00e4s mer p\u00e5 Boardgamegeek<\/strong><\/a><\/p>","protected":false},"excerpt":{"rendered":"<p>Fullst\u00e4ndigt f\u00f6rtjusande om att fylla din b\u00e5t med olikf\u00e4rgade katter f\u00f6r att r\u00e4dda dem fr\u00e5n den onde Lord Vesh!<\/p>","protected":false},"featured_media":43147,"template":"","meta":[],"product_brand":[],"product_cat":[69,31,30],"product_tag":[541,542],"class_list":{"0":"post-43146","1":"product","2":"type-product","3":"status-publish","4":"has-post-thumbnail","6":"product_cat-barnspel","7":"product_cat-familjespel","8":"product_cat-sallskapsspel","9":"product_tag-the-city-of-games","10":"product_tag-the-isle-of-cats","12":"first","13":"outofstock","14":"taxable","15":"shipping-taxable","16":"purchasable","17":"product-type-simple"},"_links":{"self":[{"href":"https:\/\/www.alltpaettkort.com\/en\/wp-json\/wp\/v2\/product\/43146","targetHints":{"allow":["GET"]}}],"collection":[{"href":"https:\/\/www.alltpaettkort.com\/en\/wp-json\/wp\/v2\/product"}],"about":[{"href":"https:\/\/www.alltpaettkort.com\/en\/wp-json\/wp\/v2\/types\/product"}],"wp:featuredmedia":[{"embeddable":true,"href":"https:\/\/www.alltpaettkort.com\/en\/wp-json\/wp\/v2\/media\/43147"}],"wp:attachment":[{"href":"https:\/\/www.alltpaettkort.com\/en\/wp-json\/wp\/v2\/media?parent=43146"}],"wp:term":[{"taxonomy":"product_brand","embeddable":true,"href":"https:\/\/www.alltpaettkort.com\/en\/wp-json\/wp\/v2\/product_brand?post=43146"},{"taxonomy":"product_cat","embeddable":true,"href":"https:\/\/www.alltpaettkort.com\/en\/wp-json\/wp\/v2\/product_cat?post=43146"},{"taxonomy":"product_tag","embeddable":true,"href":"https:\/\/www.alltpaettkort.com\/en\/wp-json\/wp\/v2\/product_tag?post=43146"}],"curies":[{"name":"wp","href":"https:\/\/api.w.org\/{rel}","templated":true}]}}