{"id":43161,"date":"2020-10-26T14:11:43","date_gmt":"2020-10-26T14:11:43","guid":{"rendered":"https:\/\/www.alltpaettkort.com\/produkt\/its-a-wonderful-world\/"},"modified":"2022-05-27T15:53:47","modified_gmt":"2022-05-27T15:53:47","slug":"its-a-wonderful-world","status":"publish","type":"product","link":"https:\/\/www.alltpaettkort.com\/en\/product\/its-a-wonderful-world\/","title":{"rendered":"It&#8217;s a Wonderful World"},"content":{"rendered":"<p>In It\u2019s a Wonderful World, you are an expanding Empire and must choose your path to your future. You must develop faster and better than your competitors. You\u2019ll carefully plan your expansion to develop your production power and rule over this new world.<\/p>\n<p>It\u2019s a Wonderful World is a cards drafting and engine building game from 1 to 5 players. Each round, players will draft 7 cards and then choose which ones will be recycled to immediately acquire Resources, and which ones will be kept for construction to produce Resources each round and\/or gain victory points.<\/p>\n<p>When a card is fully built, it\u2019s added to the player\u2019s Empire to increase the player\u2019s production capacity for each round. The mechanical twist being that the production phase works in a specific order. You&#8217;ll have to plan your constructions carefully!<\/p>\n<p><strong>F\u00f6r 1-5 spelare<\/strong><br \/>\n<strong>30-60 min speltid<\/strong><br \/>\n<strong>Rekommenderad \u00e5lder: 14 <\/strong><br \/>\n<a href=\"https:\/\/boardgamegeek.com\/boardgame\/271324\/its-wonderful-world\"><strong>L\u00e4s mer p\u00e5 Boardgamegeek<\/strong><\/a><\/p>","protected":false},"excerpt":{"rendered":"<p>Riktigt vasst kortspel baserat p\u00e5 drafting och engine building om att expandera ditt imperium! Den h\u00e4r utg\u00e5van \u00e4r b\u00e5de engelsk och nordisk med regler p\u00e5 svenska!<\/p>","protected":false},"featured_media":43162,"template":"","meta":[],"product_brand":[],"product_cat":[63,17],"product_tag":[543,97],"class_list":{"0":"post-43161","1":"product","2":"type-product","3":"status-publish","4":"has-post-thumbnail","6":"product_cat-kortspel","7":"product_cat-strategispel","8":"product_tag-its-a-wonderful-world","9":"product_tag-lautapelit","11":"first","12":"outofstock","13":"taxable","14":"shipping-taxable","15":"purchasable","16":"product-type-simple"},"_links":{"self":[{"href":"https:\/\/www.alltpaettkort.com\/en\/wp-json\/wp\/v2\/product\/43161","targetHints":{"allow":["GET"]}}],"collection":[{"href":"https:\/\/www.alltpaettkort.com\/en\/wp-json\/wp\/v2\/product"}],"about":[{"href":"https:\/\/www.alltpaettkort.com\/en\/wp-json\/wp\/v2\/types\/product"}],"wp:featuredmedia":[{"embeddable":true,"href":"https:\/\/www.alltpaettkort.com\/en\/wp-json\/wp\/v2\/media\/43162"}],"wp:attachment":[{"href":"https:\/\/www.alltpaettkort.com\/en\/wp-json\/wp\/v2\/media?parent=43161"}],"wp:term":[{"taxonomy":"product_brand","embeddable":true,"href":"https:\/\/www.alltpaettkort.com\/en\/wp-json\/wp\/v2\/product_brand?post=43161"},{"taxonomy":"product_cat","embeddable":true,"href":"https:\/\/www.alltpaettkort.com\/en\/wp-json\/wp\/v2\/product_cat?post=43161"},{"taxonomy":"product_tag","embeddable":true,"href":"https:\/\/www.alltpaettkort.com\/en\/wp-json\/wp\/v2\/product_tag?post=43161"}],"curies":[{"name":"wp","href":"https:\/\/api.w.org\/{rel}","templated":true}]}}