{"id":43179,"date":"2020-10-26T14:53:15","date_gmt":"2020-10-26T14:53:15","guid":{"rendered":"https:\/\/www.alltpaettkort.com\/produkt\/exit-the-game-the-enchanted-forest\/"},"modified":"2022-12-09T12:21:06","modified_gmt":"2022-12-09T12:21:06","slug":"exit-the-game-the-enchanted-forest","status":"publish","type":"product","link":"https:\/\/www.alltpaettkort.com\/en\/product\/exit-the-game-the-enchanted-forest\/","title":{"rendered":"Exit: The Game \u2013 The Enchanted Forest"},"content":{"rendered":"<p><em><strong>Exit: The Game \u2013 The Enchanted Forest<\/strong><\/em> is a puzzle game modeled after escape rooms, and it includes components meant to be folded, written upon, or torn, so it&#8217;s marketed as a single-use game.<\/p>\n<p>A relaxing walk in the woods takes a very different turn when you suddenly encounter strange fairytale creatures and even stranger puzzles. Will you ever find your way out?!<\/p>\n<p><strong>F\u00f6r 1-4 spelare<br \/>\n<\/strong><strong>45-90 min speltid<br \/>\n<\/strong><strong>Rekommenderad \u00e5lder: 12 <\/strong><br \/>\n<strong><a href=\"https:\/\/boardgamegeek.com\/boardgame\/295944\/exit-game-enchanted-forest\" target=\"_blank\" rel=\"noopener noreferrer\">L\u00e4s mer p\u00e5 Boardgamegeek<\/a><\/strong><\/p>","protected":false},"excerpt":{"rendered":"<div class=\"page\" title=\"Page 1\">\n<div class=\"layoutArea\">\n<div class=\"column\">\n<p>Ett nytt sp\u00e4nnande Exit-spel som tar er in i den f\u00f6rtrollade skogen! Frist\u00e5ende del i Exit-serien som har gjort stor succ\u00e9 med sina kniviga \u00e4ventyr fyllda med \u00f6verraskningar, pussel och utmaningar!<\/p>\n<\/div>\n<\/div>\n<\/div>","protected":false},"featured_media":43180,"template":"","meta":[],"product_brand":[],"product_cat":[34,30],"product_tag":[436,387],"class_list":{"0":"post-43179","1":"product","2":"type-product","3":"status-publish","4":"has-post-thumbnail","6":"product_cat-aventyrsspel","7":"product_cat-sallskapsspel","8":"product_tag-exit-the-game","9":"product_tag-kosmos","11":"first","12":"outofstock","13":"taxable","14":"shipping-taxable","15":"purchasable","16":"product-type-simple"},"_links":{"self":[{"href":"https:\/\/www.alltpaettkort.com\/en\/wp-json\/wp\/v2\/product\/43179","targetHints":{"allow":["GET"]}}],"collection":[{"href":"https:\/\/www.alltpaettkort.com\/en\/wp-json\/wp\/v2\/product"}],"about":[{"href":"https:\/\/www.alltpaettkort.com\/en\/wp-json\/wp\/v2\/types\/product"}],"wp:featuredmedia":[{"embeddable":true,"href":"https:\/\/www.alltpaettkort.com\/en\/wp-json\/wp\/v2\/media\/43180"}],"wp:attachment":[{"href":"https:\/\/www.alltpaettkort.com\/en\/wp-json\/wp\/v2\/media?parent=43179"}],"wp:term":[{"taxonomy":"product_brand","embeddable":true,"href":"https:\/\/www.alltpaettkort.com\/en\/wp-json\/wp\/v2\/product_brand?post=43179"},{"taxonomy":"product_cat","embeddable":true,"href":"https:\/\/www.alltpaettkort.com\/en\/wp-json\/wp\/v2\/product_cat?post=43179"},{"taxonomy":"product_tag","embeddable":true,"href":"https:\/\/www.alltpaettkort.com\/en\/wp-json\/wp\/v2\/product_tag?post=43179"}],"curies":[{"name":"wp","href":"https:\/\/api.w.org\/{rel}","templated":true}]}}