{"id":43182,"date":"2020-07-26T14:58:56","date_gmt":"2020-07-26T14:58:56","guid":{"rendered":"https:\/\/www.alltpaettkort.com\/produkt\/codenames-xxl-svensk-utgava\/"},"modified":"2022-01-13T08:39:31","modified_gmt":"2022-01-13T08:39:31","slug":"codenames-xxl-svensk-utgava","status":"publish","type":"product","link":"https:\/\/www.alltpaettkort.com\/en\/product\/codenames-xxl-svensk-utgava\/","title":{"rendered":"Codenames XXL (svensk utg\u00e5va)"},"content":{"rendered":"<p>Two rival spymasters know the secret identities of 25 agents. Their teammates know the agents only by their CODENAMES.<\/p>\n<p>In\u00a0<em><strong>Codenames<\/strong><\/em>, two teams compete to see who can make contact with all of their agents first. Spymasters give one-word clues that can point to multiple words on the board. Their teammates try to guess words of the right color while avoiding those that belong to the opposing team. And everyone wants to avoid the assassin.<\/p>\n<p><em>Codenames<\/em>: Win or lose, it&#8217;s fun to figure out the clues.<\/p>\n<p><strong>2-12 spelare<\/strong><br \/>\n<strong>15\u00a0min speltid<\/strong><br \/>\n<strong>Rekommenderad \u00e5lder: 14 <\/strong><br \/>\n<strong><a href=\"https:\/\/boardgamegeek.com\/boardgame\/178900\/codenames\" target=\"_blank\" rel=\"noopener noreferrer\">L\u00e4s mer p\u00e5 Boardgamegeek<\/a><\/strong><\/p>","protected":false},"excerpt":{"rendered":"<p>Vlaada Chv\u00e1tils rosade partyspel om att f\u00f6rs\u00f6ka gallra ut agenter genom lurigt ordspel! Nu i en extra stor utg\u00e5va utan sm\u00e5 pyttekort! Perfekt f\u00f6r b\u00e5de yngre och \u00e4ldre spelare! Det h\u00e4r den svenska utg\u00e5van med svenska ord och regler!<\/p>","protected":false},"featured_media":43183,"template":"","meta":[],"product_brand":[],"product_cat":[38],"product_tag":[136],"class_list":{"0":"post-43182","1":"product","2":"type-product","3":"status-publish","4":"has-post-thumbnail","6":"product_cat-partyspel","7":"product_tag-czech-games-edition","9":"first","10":"outofstock","11":"taxable","12":"shipping-taxable","13":"purchasable","14":"product-type-simple"},"_links":{"self":[{"href":"https:\/\/www.alltpaettkort.com\/en\/wp-json\/wp\/v2\/product\/43182","targetHints":{"allow":["GET"]}}],"collection":[{"href":"https:\/\/www.alltpaettkort.com\/en\/wp-json\/wp\/v2\/product"}],"about":[{"href":"https:\/\/www.alltpaettkort.com\/en\/wp-json\/wp\/v2\/types\/product"}],"wp:featuredmedia":[{"embeddable":true,"href":"https:\/\/www.alltpaettkort.com\/en\/wp-json\/wp\/v2\/media\/43183"}],"wp:attachment":[{"href":"https:\/\/www.alltpaettkort.com\/en\/wp-json\/wp\/v2\/media?parent=43182"}],"wp:term":[{"taxonomy":"product_brand","embeddable":true,"href":"https:\/\/www.alltpaettkort.com\/en\/wp-json\/wp\/v2\/product_brand?post=43182"},{"taxonomy":"product_cat","embeddable":true,"href":"https:\/\/www.alltpaettkort.com\/en\/wp-json\/wp\/v2\/product_cat?post=43182"},{"taxonomy":"product_tag","embeddable":true,"href":"https:\/\/www.alltpaettkort.com\/en\/wp-json\/wp\/v2\/product_tag?post=43182"}],"curies":[{"name":"wp","href":"https:\/\/api.w.org\/{rel}","templated":true}]}}