{"id":43513,"date":"2020-12-08T15:04:15","date_gmt":"2020-12-08T15:04:15","guid":{"rendered":"https:\/\/www.alltpaettkort.com\/produkt\/the-castles-of-tuscany\/"},"modified":"2022-01-13T08:39:38","modified_gmt":"2022-01-13T08:39:38","slug":"the-castles-of-tuscany","status":"publish","type":"product","link":"https:\/\/www.alltpaettkort.com\/en\/product\/the-castles-of-tuscany\/","title":{"rendered":"The Castles of Tuscany"},"content":{"rendered":"<p>The beautiful Tuscany region, in the 15th century, is the home of the Italian Renaissance. As influential princes, the players make creative decisions to build their region into a flourishing domain.<\/p>\n<p>By supporting towns, villages, and monasteries, or by extracting marble and delivering goods, players see their lands grow, earning them victory points. Each round, players use cards to place useful tiles to expand their regions and gain new opportunities.<\/p>\n<p>The winner is the person who has the most victory points after three rounds of play.<\/p>\n<p><strong>F\u00f6r 2-4 spelare<\/strong><br \/>\n<strong>45-60 min speltid<\/strong><br \/>\n<strong>Rekommenderad \u00e5lder: 10 <\/strong><br \/>\n<a href=\"https:\/\/boardgamegeek.com\/boardgame\/300327\/castles-tuscany\"><strong>L\u00e4s mer p\u00e5 Boardgamegeek<\/strong><\/a><\/p>","protected":false},"excerpt":{"rendered":"<p>Uppf\u00f6ljare till den m\u00e4sterliga Castles of Burgundy som bjuder p\u00e5 en lite snabbare och l\u00e4ttillg\u00e4ngligare upplevelse!<\/p>","protected":false},"featured_media":43514,"template":"","meta":[],"product_brand":[],"product_cat":[29,31,17],"product_tag":[55],"class_list":{"0":"post-43513","1":"product","2":"type-product","3":"status-publish","4":"has-post-thumbnail","6":"product_cat-eurospel","7":"product_cat-familjespel","8":"product_cat-strategispel","9":"product_tag-pegasus-spiele","11":"first","12":"outofstock","13":"taxable","14":"shipping-taxable","15":"purchasable","16":"product-type-simple"},"_links":{"self":[{"href":"https:\/\/www.alltpaettkort.com\/en\/wp-json\/wp\/v2\/product\/43513","targetHints":{"allow":["GET"]}}],"collection":[{"href":"https:\/\/www.alltpaettkort.com\/en\/wp-json\/wp\/v2\/product"}],"about":[{"href":"https:\/\/www.alltpaettkort.com\/en\/wp-json\/wp\/v2\/types\/product"}],"wp:featuredmedia":[{"embeddable":true,"href":"https:\/\/www.alltpaettkort.com\/en\/wp-json\/wp\/v2\/media\/43514"}],"wp:attachment":[{"href":"https:\/\/www.alltpaettkort.com\/en\/wp-json\/wp\/v2\/media?parent=43513"}],"wp:term":[{"taxonomy":"product_brand","embeddable":true,"href":"https:\/\/www.alltpaettkort.com\/en\/wp-json\/wp\/v2\/product_brand?post=43513"},{"taxonomy":"product_cat","embeddable":true,"href":"https:\/\/www.alltpaettkort.com\/en\/wp-json\/wp\/v2\/product_cat?post=43513"},{"taxonomy":"product_tag","embeddable":true,"href":"https:\/\/www.alltpaettkort.com\/en\/wp-json\/wp\/v2\/product_tag?post=43513"}],"curies":[{"name":"wp","href":"https:\/\/api.w.org\/{rel}","templated":true}]}}