{"id":43822,"date":"2021-01-26T13:35:06","date_gmt":"2021-01-26T13:35:06","guid":{"rendered":"https:\/\/www.alltpaettkort.com\/produkt\/ticket-to-ride-europe-15th-anniversary\/"},"modified":"2022-12-09T12:11:40","modified_gmt":"2022-12-09T12:11:40","slug":"ticket-to-ride-europe-15th-anniversary","status":"publish","type":"product","link":"https:\/\/www.alltpaettkort.com\/en\/product\/ticket-to-ride-europe-15th-anniversary\/","title":{"rendered":"Ticket to Ride: Europe \u2013 15th Anniversary"},"content":{"rendered":"<p><em><strong>Ticket to Ride: Europe \u2013 15th Anniversary<\/strong><\/em> contains material from the <em>Ticket to Ride: Europe<\/em> base game and the <em>Europa 1912<\/em> expansion for a total of 108 destination ticket cards.<\/p>\n<p>In <em>Ticket to Ride: Europe<\/em>, you collect cards of various types of train cars that you then use to claim railway routes in Europe. The longer the routes, the more points you earn! If you fulfill destination tickets \u2014 goal cards that connect distant cities \u2014 then you receive bonus points at the end of the game; fail to connect the cities on your tickets with rail routes, and you lose those points instead.<\/p>\n<p><u><strong>Contains:<\/strong><\/u><\/p>\n<ul>\n<li>1 Giant Board map of European train routes with all new illustrations<\/li>\n<li>5 Tin Boxes, each with 45 finely sculpted wagon cars<\/li>\n<li>15 Colored Train Stations<\/li>\n<li>5 Scoring Markers<\/li>\n<li>1 Rules booklet<\/li>\n<li>110 Train Car Cards<\/li>\n<li>All 108 Destination Ticket Cards published to date<\/li>\n<li>1 European Express Bonus Card<\/li>\n<li>1 Big Cities Reference Card<\/li>\n<\/ul>\n<p><strong>F\u00f6r 2-5 spelare<\/strong><br \/>\n<strong>30-60 min speltid<\/strong><br \/>\n<strong>Rekommenderad \u00e5lder: 8<br \/>\n<\/strong><strong><a href=\"https:\/\/boardgamegeek.com\/boardgame\/329841\/ticket-ride-europe-15th-anniversary\" target=\"_blank\" rel=\"noopener noreferrer\">L\u00e4s mer p\u00e5 Boardgamegeek<\/a><\/strong><\/p>","protected":false},"excerpt":{"rendered":"<p>Magnifik jubileumsutg\u00e5va av Ticket to Ride: Europe! F\u00f6rutom en extra stor tjusig spelplan s\u00e5 inneh\u00e5ller spelet 5 olika unika t\u00e5gtyper i fina l\u00e5dor och t\u00e5gkort i stort format! Nordisk utg\u00e5va med svenska regler.<\/p>","protected":false},"featured_media":43823,"template":"","meta":[],"product_brand":[],"product_cat":[31,30],"product_tag":[27,32],"class_list":{"0":"post-43822","1":"product","2":"type-product","3":"status-publish","4":"has-post-thumbnail","6":"product_cat-familjespel","7":"product_cat-sallskapsspel","8":"product_tag-days-of-wonder","9":"product_tag-ticket-to-ride","11":"first","12":"outofstock","13":"taxable","14":"shipping-taxable","15":"purchasable","16":"product-type-simple"},"_links":{"self":[{"href":"https:\/\/www.alltpaettkort.com\/en\/wp-json\/wp\/v2\/product\/43822","targetHints":{"allow":["GET"]}}],"collection":[{"href":"https:\/\/www.alltpaettkort.com\/en\/wp-json\/wp\/v2\/product"}],"about":[{"href":"https:\/\/www.alltpaettkort.com\/en\/wp-json\/wp\/v2\/types\/product"}],"wp:featuredmedia":[{"embeddable":true,"href":"https:\/\/www.alltpaettkort.com\/en\/wp-json\/wp\/v2\/media\/43823"}],"wp:attachment":[{"href":"https:\/\/www.alltpaettkort.com\/en\/wp-json\/wp\/v2\/media?parent=43822"}],"wp:term":[{"taxonomy":"product_brand","embeddable":true,"href":"https:\/\/www.alltpaettkort.com\/en\/wp-json\/wp\/v2\/product_brand?post=43822"},{"taxonomy":"product_cat","embeddable":true,"href":"https:\/\/www.alltpaettkort.com\/en\/wp-json\/wp\/v2\/product_cat?post=43822"},{"taxonomy":"product_tag","embeddable":true,"href":"https:\/\/www.alltpaettkort.com\/en\/wp-json\/wp\/v2\/product_tag?post=43822"}],"curies":[{"name":"wp","href":"https:\/\/api.w.org\/{rel}","templated":true}]}}