{"id":44050,"date":"2021-08-23T09:53:04","date_gmt":"2021-08-23T09:53:04","guid":{"rendered":"https:\/\/www.alltpaettkort.com\/produkt\/goons-deluxe-mini-poker-chips\/"},"modified":"2025-08-06T12:00:15","modified_gmt":"2025-08-06T12:00:15","slug":"goons-deluxe-mini-poker-chips","status":"publish","type":"product","link":"https:\/\/www.alltpaettkort.com\/en\/product\/goons-deluxe-mini-poker-chips\/","title":{"rendered":"Goons: Deluxe Mini Poker Chips"},"content":{"rendered":"","protected":false},"excerpt":{"rendered":"<p>80 stycken urfina mini-poker chip att anv\u00e4nda ist\u00e4llet f\u00f6r Energi-mark\u00f6rerna i Goons! Fungerar s\u00e5klart ypperligt f\u00f6r andra \u00e4ndam\u00e5l ocks\u00e5!<\/p>","protected":false},"featured_media":44051,"template":"","meta":[],"product_brand":[],"product_cat":[103],"product_tag":[489,548],"class_list":{"0":"post-44050","1":"product","2":"type-product","3":"status-publish","4":"has-post-thumbnail","6":"product_cat-tillbehor","7":"product_tag-all-or-none-games","8":"product_tag-goons","10":"first","11":"outofstock","12":"taxable","13":"shipping-taxable","14":"purchasable","15":"product-type-simple"},"_links":{"self":[{"href":"https:\/\/www.alltpaettkort.com\/en\/wp-json\/wp\/v2\/product\/44050","targetHints":{"allow":["GET"]}}],"collection":[{"href":"https:\/\/www.alltpaettkort.com\/en\/wp-json\/wp\/v2\/product"}],"about":[{"href":"https:\/\/www.alltpaettkort.com\/en\/wp-json\/wp\/v2\/types\/product"}],"wp:featuredmedia":[{"embeddable":true,"href":"https:\/\/www.alltpaettkort.com\/en\/wp-json\/wp\/v2\/media\/44051"}],"wp:attachment":[{"href":"https:\/\/www.alltpaettkort.com\/en\/wp-json\/wp\/v2\/media?parent=44050"}],"wp:term":[{"taxonomy":"product_brand","embeddable":true,"href":"https:\/\/www.alltpaettkort.com\/en\/wp-json\/wp\/v2\/product_brand?post=44050"},{"taxonomy":"product_cat","embeddable":true,"href":"https:\/\/www.alltpaettkort.com\/en\/wp-json\/wp\/v2\/product_cat?post=44050"},{"taxonomy":"product_tag","embeddable":true,"href":"https:\/\/www.alltpaettkort.com\/en\/wp-json\/wp\/v2\/product_tag?post=44050"}],"curies":[{"name":"wp","href":"https:\/\/api.w.org\/{rel}","templated":true}]}}