{"id":44126,"date":"2021-08-25T19:39:11","date_gmt":"2021-08-25T19:39:11","guid":{"rendered":"https:\/\/www.alltpaettkort.com\/produkt\/micromacro-crime-city\/"},"modified":"2023-12-16T08:41:37","modified_gmt":"2023-12-16T08:41:37","slug":"micromacro-crime-city","status":"publish","type":"product","link":"https:\/\/www.alltpaettkort.com\/en\/product\/micromacro-crime-city\/","title":{"rendered":"MicroMacro: Crime City"},"content":{"rendered":"<p>Crimes happen in the city!<br \/>\nWith the view for details you&#8217;ll be searching for facts: Look for the scenes that provide you with the correct facts to solve the crime cases.<br \/>\nThe giant city map (75 x 110 cm) is home to a myriad of hidden information. Different difficulty levels lead the players step by step into the game.<br \/>\nPlayers must work closely together to find out what happened.<br \/>\nThe case cards contain questions for which the group must find the right answers. Every criminal case is unique and hides amazing information!<\/p>\n<p><strong>F\u00f6r 1-4 spelare<\/strong><br \/>\n<strong>15-45 min speltid<\/strong><br \/>\n<strong>Rekommenderad \u00e5lder: 10 <\/strong><br \/>\n<a href=\"https:\/\/boardgamegeek.com\/boardgame\/318977\/micromacro-crime-city\"><strong>L\u00e4s mer p\u00e5 Boardgamegeek<\/strong><\/a><\/p>","protected":false},"excerpt":{"rendered":"<p>H\u00e4rligt klurigt litet spel om att leta ledtr\u00e5dar f\u00f6r att l\u00f6sa olika fall! Svensk utg\u00e5va<\/p>","protected":false},"featured_media":44127,"template":"","meta":[],"product_brand":[],"product_cat":[34,30],"product_tag":[119],"class_list":{"0":"post-44126","1":"product","2":"type-product","3":"status-publish","4":"has-post-thumbnail","6":"product_cat-aventyrsspel","7":"product_cat-sallskapsspel","8":"product_tag-barnspeltips","10":"first","11":"outofstock","12":"featured","13":"taxable","14":"shipping-taxable","15":"purchasable","16":"product-type-simple"},"_links":{"self":[{"href":"https:\/\/www.alltpaettkort.com\/en\/wp-json\/wp\/v2\/product\/44126","targetHints":{"allow":["GET"]}}],"collection":[{"href":"https:\/\/www.alltpaettkort.com\/en\/wp-json\/wp\/v2\/product"}],"about":[{"href":"https:\/\/www.alltpaettkort.com\/en\/wp-json\/wp\/v2\/types\/product"}],"wp:featuredmedia":[{"embeddable":true,"href":"https:\/\/www.alltpaettkort.com\/en\/wp-json\/wp\/v2\/media\/44127"}],"wp:attachment":[{"href":"https:\/\/www.alltpaettkort.com\/en\/wp-json\/wp\/v2\/media?parent=44126"}],"wp:term":[{"taxonomy":"product_brand","embeddable":true,"href":"https:\/\/www.alltpaettkort.com\/en\/wp-json\/wp\/v2\/product_brand?post=44126"},{"taxonomy":"product_cat","embeddable":true,"href":"https:\/\/www.alltpaettkort.com\/en\/wp-json\/wp\/v2\/product_cat?post=44126"},{"taxonomy":"product_tag","embeddable":true,"href":"https:\/\/www.alltpaettkort.com\/en\/wp-json\/wp\/v2\/product_tag?post=44126"}],"curies":[{"name":"wp","href":"https:\/\/api.w.org\/{rel}","templated":true}]}}