{"id":44131,"date":"2021-04-14T15:01:23","date_gmt":"2021-04-14T15:01:23","guid":{"rendered":"https:\/\/www.alltpaettkort.com\/produkt\/exit-the-game-theft-on-the-mississippi\/"},"modified":"2022-12-09T12:36:14","modified_gmt":"2022-12-09T12:36:14","slug":"exit-the-game-theft-on-the-mississippi","status":"publish","type":"product","link":"https:\/\/www.alltpaettkort.com\/en\/product\/exit-the-game-theft-on-the-mississippi\/","title":{"rendered":"Exit: The Game \u2013 Theft on the Mississippi"},"content":{"rendered":"<p>In <em><strong>Exit: The Game \u2013 Theft on the Mississippi<\/strong><\/em>, 1-4 players find themselves in a tense story again. A robbery takes place while you&#8217;re traveling down the Mississippi on a steamboat. Can your team of investigators find the culprit before the riverboat docks in New Orleans and the thief escapes?<\/p>\n<p>The escape-room feeling for the home! With &#8221;Exit: The Game&#8221;, players with a bit of dedication, team spirit and creativity gradually discover more and more items, crack codes, solve puzzles and come closer to their goal little by little. It also unusual ways must be followed: So the material may be kinked, labeled or cut. Just changing the material allows a particularly exciting, unique and amazing gaming experience.<\/p>\n<p><strong>F\u00f6r 1-4 spelare<br \/>\n<\/strong><strong>45-90 min speltid<br \/>\n<\/strong><strong>Rekommenderad \u00e5lder: 12 <\/strong><br \/>\n<strong><a href=\"https:\/\/boardgamegeek.com\/boardgame\/283934\/exit-game-theft-mississippi\" target=\"_blank\" rel=\"noopener noreferrer\">L\u00e4s mer p\u00e5 Boardgamegeek<\/a><\/strong><\/p>","protected":false},"excerpt":{"rendered":"<div class=\"page\" title=\"Page 1\">\n<div class=\"layoutArea\">\n<div class=\"column\">\n<p>Ett nytt sp\u00e4nnande Exit-spel som utspelar sig under ett r\u00e5n p\u00e5 Mississippi-floden! Frist\u00e5ende del i Exit-serien som har gjort stor succ\u00e9 med sina kniviga \u00e4ventyr fyllda med \u00f6verraskningar, pussel och utmaningar!<\/p>\n<\/div>\n<\/div>\n<\/div>","protected":false},"featured_media":44132,"template":"","meta":[],"product_brand":[],"product_cat":[34,30],"product_tag":[436,387],"class_list":{"0":"post-44131","1":"product","2":"type-product","3":"status-publish","4":"has-post-thumbnail","6":"product_cat-aventyrsspel","7":"product_cat-sallskapsspel","8":"product_tag-exit-the-game","9":"product_tag-kosmos","11":"first","12":"outofstock","13":"taxable","14":"shipping-taxable","15":"purchasable","16":"product-type-simple"},"_links":{"self":[{"href":"https:\/\/www.alltpaettkort.com\/en\/wp-json\/wp\/v2\/product\/44131","targetHints":{"allow":["GET"]}}],"collection":[{"href":"https:\/\/www.alltpaettkort.com\/en\/wp-json\/wp\/v2\/product"}],"about":[{"href":"https:\/\/www.alltpaettkort.com\/en\/wp-json\/wp\/v2\/types\/product"}],"wp:featuredmedia":[{"embeddable":true,"href":"https:\/\/www.alltpaettkort.com\/en\/wp-json\/wp\/v2\/media\/44132"}],"wp:attachment":[{"href":"https:\/\/www.alltpaettkort.com\/en\/wp-json\/wp\/v2\/media?parent=44131"}],"wp:term":[{"taxonomy":"product_brand","embeddable":true,"href":"https:\/\/www.alltpaettkort.com\/en\/wp-json\/wp\/v2\/product_brand?post=44131"},{"taxonomy":"product_cat","embeddable":true,"href":"https:\/\/www.alltpaettkort.com\/en\/wp-json\/wp\/v2\/product_cat?post=44131"},{"taxonomy":"product_tag","embeddable":true,"href":"https:\/\/www.alltpaettkort.com\/en\/wp-json\/wp\/v2\/product_tag?post=44131"}],"curies":[{"name":"wp","href":"https:\/\/api.w.org\/{rel}","templated":true}]}}