{"id":44140,"date":"2021-04-14T15:23:47","date_gmt":"2021-04-14T15:23:47","guid":{"rendered":"https:\/\/www.alltpaettkort.com\/produkt\/exit-the-game-puzzle-the-sacred-temple\/"},"modified":"2022-05-27T14:57:35","modified_gmt":"2022-05-27T14:57:35","slug":"exit-the-game-puzzle-the-sacred-temple","status":"publish","type":"product","link":"https:\/\/www.alltpaettkort.com\/en\/product\/exit-the-game-puzzle-the-sacred-temple\/","title":{"rendered":"Exit: The Game + Puzzle \u2013 The Sacred Temple"},"content":{"rendered":"<p>In <em><strong>Exit: The Game   Puzzle \u2013 The Sacred Temple<\/strong><\/em>, an exciting race through the jungle begins on a small island in the Indian Ocean, but before the players can explore the mysterious temple, they have to solve tricky puzzles and assemble four puzzles. Everyone on the team must do everything they can to achieve the goal while shaking off annoying treasure hunters.<\/p>\n<p>In EXIT: The Sacred Temple, you are racing through the jungle on a small island in the Indian Ocean, trying to save the professor and find the Sacred Temple before the treasure hunters do.<\/p>\n<p>Only this time it\u2019s different because there are riddles within riddles hidden within puzzles. Like other EXITs before it, this game has no game board! But it also has no cards; instead, in this new addition to the EXIT series, there are four puzzles, which you will find during play and assemble one section at a time, one puzzle after another. Each puzzle creates an image that will show you what you need to find in the game and what each room looks like.<\/p>\n<p>At the start of the game, all you have available to you are the puzzle bag containing pieces with a grayish-blue back and no pattern, and the decoder disk. But there are also strange items to be found within the game that may be used to help solve the riddles found in each of the puzzles.<\/p>\n<p>The game ends when you have solved the last riddle and saved the Professor and the Temple!<\/p>\n<p><strong>F\u00f6r 1-4 spelare<\/strong><\/p>\n<p><strong>120-180 min speltid<br \/>\n<\/strong><strong>Rekommenderad \u00e5lder: 12 <\/strong><br \/>\n<strong><a href=\"https:\/\/boardgamegeek.com\/boardgame\/298281\/exit-game-puzzle-sacred-temple\" target=\"_blank\" rel=\"noopener noreferrer\">L\u00e4s mer p\u00e5 Boardgamegeek<\/a><\/strong><\/p>","protected":false},"excerpt":{"rendered":"<div class=\"page\" title=\"Page 1\">\n<div class=\"layoutArea\">\n<div class=\"column\">\n<p>Ny klurig Exit-upplevelse i form av ett spelbart pussel! \u00c4ventyra genom djungeln f\u00f6r att ta dig till templet innan skattletarna! En frist\u00e5ende del i Exit-serien som har gjort stor succ\u00e9 med sina kniviga \u00e4ventyr fyllda med \u00f6verraskningar, pussel och utmaningar!<\/p>\n<\/div>\n<\/div>\n<\/div>","protected":false},"featured_media":44141,"template":"","meta":[],"product_brand":[],"product_cat":[34,30],"product_tag":[436,387],"class_list":{"0":"post-44140","1":"product","2":"type-product","3":"status-publish","4":"has-post-thumbnail","6":"product_cat-aventyrsspel","7":"product_cat-sallskapsspel","8":"product_tag-exit-the-game","9":"product_tag-kosmos","11":"first","12":"outofstock","13":"taxable","14":"shipping-taxable","15":"purchasable","16":"product-type-simple"},"_links":{"self":[{"href":"https:\/\/www.alltpaettkort.com\/en\/wp-json\/wp\/v2\/product\/44140","targetHints":{"allow":["GET"]}}],"collection":[{"href":"https:\/\/www.alltpaettkort.com\/en\/wp-json\/wp\/v2\/product"}],"about":[{"href":"https:\/\/www.alltpaettkort.com\/en\/wp-json\/wp\/v2\/types\/product"}],"wp:featuredmedia":[{"embeddable":true,"href":"https:\/\/www.alltpaettkort.com\/en\/wp-json\/wp\/v2\/media\/44141"}],"wp:attachment":[{"href":"https:\/\/www.alltpaettkort.com\/en\/wp-json\/wp\/v2\/media?parent=44140"}],"wp:term":[{"taxonomy":"product_brand","embeddable":true,"href":"https:\/\/www.alltpaettkort.com\/en\/wp-json\/wp\/v2\/product_brand?post=44140"},{"taxonomy":"product_cat","embeddable":true,"href":"https:\/\/www.alltpaettkort.com\/en\/wp-json\/wp\/v2\/product_cat?post=44140"},{"taxonomy":"product_tag","embeddable":true,"href":"https:\/\/www.alltpaettkort.com\/en\/wp-json\/wp\/v2\/product_tag?post=44140"}],"curies":[{"name":"wp","href":"https:\/\/api.w.org\/{rel}","templated":true}]}}