{"id":44311,"date":"2021-05-21T09:07:24","date_gmt":"2021-05-21T09:07:24","guid":{"rendered":"https:\/\/www.alltpaettkort.com\/produkt\/wingspan-oceania-expansion\/"},"modified":"2023-12-06T18:52:54","modified_gmt":"2023-12-06T18:52:54","slug":"wingspan-oceania-expansion","status":"publish","type":"product","link":"https:\/\/www.alltpaettkort.com\/en\/product\/wingspan-oceania-expansion\/","title":{"rendered":"Wingspan: Oceania Expansion"},"content":{"rendered":"<p><em><strong>Wingspan: Oceania Expansion<\/strong><\/em> focuses on birds in Australia and New Zealand. It&#8217;s designed by Elizabeth Hargrave and features birds illustrated by Natalia Rojas and Ana Maria Martinez.<\/p>\n<p>In this second expansion to Wingspan colorful and awe-inspiring birds from Oceania are added. The Oceania bird cards are designed to be shuffled into the bird cards from the base game, with or without other expansions.<\/p>\n<p>This expansion includes new player mats and a new food type, allowing players to explore different strategies in this new environment. It also includes new bonus cards and more end-of-round goals, as well as a new color of egg.<\/p>\n<p><a href=\"https:\/\/boardgamegeek.com\/boardgameexpansion\/300580\/wingspan-oceania-expansion\"><strong>L\u00e4s mer p\u00e5 Boardgamegeek<\/strong><\/a><\/p>","protected":false},"excerpt":{"rendered":"<p>Expansion till det lysande Wingspan som bjuder p\u00e5 f\u00e5glar fr\u00e5n Oceanian med nya strategiska m\u00f6jligheter! Dessutom f\u00f6ljer det med nya spelarmattor, en ny typ av mat, fler bonus-kort och en ny f\u00e4rg p\u00e5 \u00e4gg!<\/p>","protected":false},"featured_media":44312,"template":"","meta":[],"product_brand":[],"product_cat":[43],"product_tag":[533,263],"class_list":{"0":"post-44311","1":"product","2":"type-product","3":"status-publish","4":"has-post-thumbnail","6":"product_cat-expansion","7":"product_tag-expansionstips","8":"product_tag-stonemaier-games","10":"first","11":"outofstock","12":"taxable","13":"shipping-taxable","14":"purchasable","15":"product-type-simple"},"_links":{"self":[{"href":"https:\/\/www.alltpaettkort.com\/en\/wp-json\/wp\/v2\/product\/44311","targetHints":{"allow":["GET"]}}],"collection":[{"href":"https:\/\/www.alltpaettkort.com\/en\/wp-json\/wp\/v2\/product"}],"about":[{"href":"https:\/\/www.alltpaettkort.com\/en\/wp-json\/wp\/v2\/types\/product"}],"wp:featuredmedia":[{"embeddable":true,"href":"https:\/\/www.alltpaettkort.com\/en\/wp-json\/wp\/v2\/media\/44312"}],"wp:attachment":[{"href":"https:\/\/www.alltpaettkort.com\/en\/wp-json\/wp\/v2\/media?parent=44311"}],"wp:term":[{"taxonomy":"product_brand","embeddable":true,"href":"https:\/\/www.alltpaettkort.com\/en\/wp-json\/wp\/v2\/product_brand?post=44311"},{"taxonomy":"product_cat","embeddable":true,"href":"https:\/\/www.alltpaettkort.com\/en\/wp-json\/wp\/v2\/product_cat?post=44311"},{"taxonomy":"product_tag","embeddable":true,"href":"https:\/\/www.alltpaettkort.com\/en\/wp-json\/wp\/v2\/product_tag?post=44311"}],"curies":[{"name":"wp","href":"https:\/\/api.w.org\/{rel}","templated":true}]}}