{"id":44602,"date":"2021-08-23T13:24:09","date_gmt":"2021-08-23T13:24:09","guid":{"rendered":"https:\/\/www.alltpaettkort.com\/produkt\/goons-5-player-expansion\/"},"modified":"2022-01-13T08:40:04","modified_gmt":"2022-01-13T08:40:04","slug":"goons-5-player-expansion","status":"publish","type":"product","link":"https:\/\/www.alltpaettkort.com\/en\/product\/goons-5-player-expansion\/","title":{"rendered":"Goons: 5 Player Expansion"},"content":{"rendered":"<p>A 5 Player Expansion for GOONS that includes everything you need to get cracking, including a new goon, extra goon board and 20 orange deluxe mini poker chips!<\/p>\n<p>Full language support for English, French and German!<\/p>","protected":false},"excerpt":{"rendered":"<p>Expansion till st\u00f6d med st\u00f6d f\u00f6r upp till 5 spelare! Inneh\u00e5ller en ny Crib Board, en ny goon och 20 orangea mini poker chip!<\/p>","protected":false},"featured_media":44603,"template":"","meta":[],"product_brand":[],"product_cat":[43],"product_tag":[489,548],"class_list":{"0":"post-44602","1":"product","2":"type-product","3":"status-publish","4":"has-post-thumbnail","6":"product_cat-expansion","7":"product_tag-all-or-none-games","8":"product_tag-goons","10":"first","11":"instock","12":"taxable","13":"shipping-taxable","14":"purchasable","15":"product-type-simple"},"_links":{"self":[{"href":"https:\/\/www.alltpaettkort.com\/en\/wp-json\/wp\/v2\/product\/44602","targetHints":{"allow":["GET"]}}],"collection":[{"href":"https:\/\/www.alltpaettkort.com\/en\/wp-json\/wp\/v2\/product"}],"about":[{"href":"https:\/\/www.alltpaettkort.com\/en\/wp-json\/wp\/v2\/types\/product"}],"wp:featuredmedia":[{"embeddable":true,"href":"https:\/\/www.alltpaettkort.com\/en\/wp-json\/wp\/v2\/media\/44603"}],"wp:attachment":[{"href":"https:\/\/www.alltpaettkort.com\/en\/wp-json\/wp\/v2\/media?parent=44602"}],"wp:term":[{"taxonomy":"product_brand","embeddable":true,"href":"https:\/\/www.alltpaettkort.com\/en\/wp-json\/wp\/v2\/product_brand?post=44602"},{"taxonomy":"product_cat","embeddable":true,"href":"https:\/\/www.alltpaettkort.com\/en\/wp-json\/wp\/v2\/product_cat?post=44602"},{"taxonomy":"product_tag","embeddable":true,"href":"https:\/\/www.alltpaettkort.com\/en\/wp-json\/wp\/v2\/product_tag?post=44602"}],"curies":[{"name":"wp","href":"https:\/\/api.w.org\/{rel}","templated":true}]}}