{"id":44606,"date":"2021-08-23T13:27:28","date_gmt":"2021-08-23T13:27:28","guid":{"rendered":"https:\/\/www.alltpaettkort.com\/produkt\/goons-the-sergey-brothers-solo-expansion\/"},"modified":"2022-01-13T08:40:06","modified_gmt":"2022-01-13T08:40:06","slug":"goons-the-sergey-brothers-solo-expansion","status":"publish","type":"product","link":"https:\/\/www.alltpaettkort.com\/en\/product\/goons-the-sergey-brothers-solo-expansion\/","title":{"rendered":"Goons: The Sergey Brothers Solo Expansion"},"content":{"rendered":"<p>Take on the merciless Sergey Brothers in this solo experience of Goons that also can be used to create more dynamics in 2 player games!<\/p>\n<p>Full language support for English, French and German!<\/p>","protected":false},"excerpt":{"rendered":"<p>Solo-expansion till Goons d\u00e4r Sergey-brorsorna utmanar en! Fungerar ocks\u00e5 finfint att liva till tv\u00e5spelareomg\u00e5ngar med!<\/p>","protected":false},"featured_media":44607,"template":"","meta":[],"product_brand":[],"product_cat":[43],"product_tag":[489,548],"class_list":{"0":"post-44606","1":"product","2":"type-product","3":"status-publish","4":"has-post-thumbnail","6":"product_cat-expansion","7":"product_tag-all-or-none-games","8":"product_tag-goons","10":"first","11":"instock","12":"taxable","13":"shipping-taxable","14":"purchasable","15":"product-type-simple"},"_links":{"self":[{"href":"https:\/\/www.alltpaettkort.com\/en\/wp-json\/wp\/v2\/product\/44606","targetHints":{"allow":["GET"]}}],"collection":[{"href":"https:\/\/www.alltpaettkort.com\/en\/wp-json\/wp\/v2\/product"}],"about":[{"href":"https:\/\/www.alltpaettkort.com\/en\/wp-json\/wp\/v2\/types\/product"}],"wp:featuredmedia":[{"embeddable":true,"href":"https:\/\/www.alltpaettkort.com\/en\/wp-json\/wp\/v2\/media\/44607"}],"wp:attachment":[{"href":"https:\/\/www.alltpaettkort.com\/en\/wp-json\/wp\/v2\/media?parent=44606"}],"wp:term":[{"taxonomy":"product_brand","embeddable":true,"href":"https:\/\/www.alltpaettkort.com\/en\/wp-json\/wp\/v2\/product_brand?post=44606"},{"taxonomy":"product_cat","embeddable":true,"href":"https:\/\/www.alltpaettkort.com\/en\/wp-json\/wp\/v2\/product_cat?post=44606"},{"taxonomy":"product_tag","embeddable":true,"href":"https:\/\/www.alltpaettkort.com\/en\/wp-json\/wp\/v2\/product_tag?post=44606"}],"curies":[{"name":"wp","href":"https:\/\/api.w.org\/{rel}","templated":true}]}}