{"id":44609,"date":"2021-08-22T14:54:25","date_gmt":"2021-08-22T14:54:25","guid":{"rendered":"https:\/\/www.alltpaettkort.com\/produkt\/dicetopia-crashing-waves\/"},"modified":"2022-01-13T08:40:08","modified_gmt":"2022-01-13T08:40:08","slug":"dicetopia-crashing-waves","status":"publish","type":"product","link":"https:\/\/www.alltpaettkort.com\/en\/product\/dicetopia-crashing-waves\/","title":{"rendered":"Dicetopia: Crashing Waves"},"content":{"rendered":"<p><em><strong>Crashing Waves<\/strong><\/em> is the final expansion for <em>Dicetopia<\/em> that introduces a new unsettling dock area with three new locations adding more strategies and possibilities! Visit the Crashing Waves Stock Exchange to manipulate the value of dice resources. Break out a fellow thug from Cutthroat Prison for an extra turn and a stronger area control presence. Or drop by the Molotov Market to trade dice values!<\/p>\n<p>You\u2019ll also find more fishy factions, a rebalance of the original city board, as well as full support for an extra player, making <em>Dicetopia<\/em> go up to whopping 6 players together with the <em>Roll with the Punches Expansion<\/em>!<\/p>\n<p><a href=\"https:\/\/www.boardgamegeek.com\/boardgameexpansion\/303946\/dicetopia-crashing-waves\"><strong>L\u00e4s mer p\u00e5 Boardgamegeek<\/strong><\/a><\/p>","protected":false},"excerpt":{"rendered":"<p>Den sista expansion till Dicetopia med st\u00f6d f\u00f6r upp till 6 spelare (tillsammans med Roll with the Punches) som balanserar om och expanderar spelet med nya faktioner och ett hamnomr\u00e5de som bjuder p\u00e5 ytterligare m\u00f6jligheter att manipulera resurser, f\u00f6r\u00e4ndra t\u00e4rningsv\u00e4rden och dominera spelplanen med stora Thug Cubes!<\/p>","protected":false},"featured_media":44610,"template":"","meta":[],"product_brand":[],"product_cat":[43],"product_tag":[489,490],"class_list":{"0":"post-44609","1":"product","2":"type-product","3":"status-publish","4":"has-post-thumbnail","6":"product_cat-expansion","7":"product_tag-all-or-none-games","8":"product_tag-dicetopia","10":"first","11":"instock","12":"taxable","13":"shipping-taxable","14":"purchasable","15":"product-type-simple"},"_links":{"self":[{"href":"https:\/\/www.alltpaettkort.com\/en\/wp-json\/wp\/v2\/product\/44609","targetHints":{"allow":["GET"]}}],"collection":[{"href":"https:\/\/www.alltpaettkort.com\/en\/wp-json\/wp\/v2\/product"}],"about":[{"href":"https:\/\/www.alltpaettkort.com\/en\/wp-json\/wp\/v2\/types\/product"}],"wp:featuredmedia":[{"embeddable":true,"href":"https:\/\/www.alltpaettkort.com\/en\/wp-json\/wp\/v2\/media\/44610"}],"wp:attachment":[{"href":"https:\/\/www.alltpaettkort.com\/en\/wp-json\/wp\/v2\/media?parent=44609"}],"wp:term":[{"taxonomy":"product_brand","embeddable":true,"href":"https:\/\/www.alltpaettkort.com\/en\/wp-json\/wp\/v2\/product_brand?post=44609"},{"taxonomy":"product_cat","embeddable":true,"href":"https:\/\/www.alltpaettkort.com\/en\/wp-json\/wp\/v2\/product_cat?post=44609"},{"taxonomy":"product_tag","embeddable":true,"href":"https:\/\/www.alltpaettkort.com\/en\/wp-json\/wp\/v2\/product_tag?post=44609"}],"curies":[{"name":"wp","href":"https:\/\/api.w.org\/{rel}","templated":true}]}}