{"id":44620,"date":"2021-08-21T15:12:10","date_gmt":"2021-08-21T15:12:10","guid":{"rendered":"https:\/\/www.alltpaettkort.com\/produkt\/dicetopia-playmat\/"},"modified":"2022-01-13T08:40:12","modified_gmt":"2022-01-13T08:40:12","slug":"dicetopia-playmat","status":"publish","type":"product","link":"https:\/\/www.alltpaettkort.com\/en\/product\/dicetopia-playmat\/","title":{"rendered":"Dicetopia Playmat"},"content":{"rendered":"<p>A big beautiful limited edition rubber playmat containing the full Dicetopia map including the expansion locations, over four times the size of the normal boards combined (1000x300mm) with cut outs for the dice spaces!<\/p>","protected":false},"excerpt":{"rendered":"<p>En riktigt majest\u00e4tisk och f\u00e4rgsprakande spelmatta till Dicetopia med st\u00f6d f\u00f6r b\u00e5da expansionerna som m\u00e4ter maffiga 1000x300mm och har h\u00e5l f\u00f6r t\u00e4rningarna!<\/p>","protected":false},"featured_media":44621,"template":"","meta":[],"product_brand":[],"product_cat":[103],"product_tag":[489,490],"class_list":{"0":"post-44620","1":"product","2":"type-product","3":"status-publish","4":"has-post-thumbnail","6":"product_cat-tillbehor","7":"product_tag-all-or-none-games","8":"product_tag-dicetopia","10":"first","11":"instock","12":"taxable","13":"shipping-taxable","14":"purchasable","15":"product-type-simple"},"_links":{"self":[{"href":"https:\/\/www.alltpaettkort.com\/en\/wp-json\/wp\/v2\/product\/44620","targetHints":{"allow":["GET"]}}],"collection":[{"href":"https:\/\/www.alltpaettkort.com\/en\/wp-json\/wp\/v2\/product"}],"about":[{"href":"https:\/\/www.alltpaettkort.com\/en\/wp-json\/wp\/v2\/types\/product"}],"wp:featuredmedia":[{"embeddable":true,"href":"https:\/\/www.alltpaettkort.com\/en\/wp-json\/wp\/v2\/media\/44621"}],"wp:attachment":[{"href":"https:\/\/www.alltpaettkort.com\/en\/wp-json\/wp\/v2\/media?parent=44620"}],"wp:term":[{"taxonomy":"product_brand","embeddable":true,"href":"https:\/\/www.alltpaettkort.com\/en\/wp-json\/wp\/v2\/product_brand?post=44620"},{"taxonomy":"product_cat","embeddable":true,"href":"https:\/\/www.alltpaettkort.com\/en\/wp-json\/wp\/v2\/product_cat?post=44620"},{"taxonomy":"product_tag","embeddable":true,"href":"https:\/\/www.alltpaettkort.com\/en\/wp-json\/wp\/v2\/product_tag?post=44620"}],"curies":[{"name":"wp","href":"https:\/\/api.w.org\/{rel}","templated":true}]}}